{"id":1651,"date":"2025-04-23T12:49:36","date_gmt":"2025-04-23T12:49:36","guid":{"rendered":"https:\/\/www.xoxa.agency\/konsulence-it\/"},"modified":"2025-11-17T18:11:43","modified_gmt":"2025-11-17T18:11:43","slug":"konsulence-it","status":"publish","type":"page","link":"https:\/\/www.xoxa.agency\/sq\/konsulence-it\/","title":{"rendered":"Konsulenc\u00eb IT"},"content":{"rendered":"\t\t<div data-elementor-type=\"wp-page\" data-elementor-id=\"1651\" class=\"elementor elementor-1651 elementor-1274\" data-elementor-post-type=\"page\">\n\t\t\t\t<div class=\"elementor-element elementor-element-122a9ac e-flex e-con-boxed e-con e-parent\" data-id=\"122a9ac\" data-element_type=\"container\" data-e-type=\"container\" data-settings=\"{&quot;background_background&quot;:&quot;gradient&quot;}\">\n\t\t\t\t\t<div class=\"e-con-inner\">\n\t\t\t\t<div class=\"elementor-element elementor-element-85093b7 elementor-invisible elementor-widget elementor-widget-jkit_animated_text\" data-id=\"85093b7\" data-element_type=\"widget\" data-e-type=\"widget\" data-settings=\"{&quot;_animation&quot;:&quot;fadeInUp&quot;}\" data-widget_type=\"jkit_animated_text.default\">\n\t\t\t\t<div class=\"elementor-widget-container\">\n\t\t\t\t\t<div  class=\"jeg-elementor-kit jkit-animated-text jeg_module___69f1c9a90f33a\"  data-style=\"none\"><p class=\"animated-text\"><span class=\"normal-text style-gradient\"><\/span><span class=\"dynamic-wrapper style-gradient\"><span class=\"dynamic-text\"><\/span><\/span><span class=\"normal-text style-gradient\"> <\/span><\/p><\/div>\t\t\t\t<\/div>\n\t\t\t\t<\/div>\n\t\t\t\t\t<\/div>\n\t\t\t\t<\/div>\n\t\t<div class=\"elementor-element elementor-element-32850c0 e-flex e-con-boxed e-con e-parent\" data-id=\"32850c0\" data-element_type=\"container\" data-e-type=\"container\" data-settings=\"{&quot;background_background&quot;:&quot;gradient&quot;}\">\n\t\t\t\t\t<div class=\"e-con-inner\">\n\t\t<div class=\"elementor-element elementor-element-d3c5417 e-con-full e-flex e-con e-child\" data-id=\"d3c5417\" data-element_type=\"container\" data-e-type=\"container\">\n\t\t<div class=\"elementor-element elementor-element-c856b85 e-con-full e-flex e-con e-child\" data-id=\"c856b85\" data-element_type=\"container\" data-e-type=\"container\">\n\t\t\t\t<div class=\"elementor-element elementor-element-7d2c80c elementor-widget elementor-widget-heading\" data-id=\"7d2c80c\" data-element_type=\"widget\" data-e-type=\"widget\" data-widget_type=\"heading.default\">\n\t\t\t\t<div class=\"elementor-widget-container\">\n\t\t\t\t\t<h2 class=\"elementor-heading-title elementor-size-default\">Zgjidhje Novatore IT p\u00ebr nj\u00eb Bot\u00eb Digjitale<\/h2>\t\t\t\t<\/div>\n\t\t\t\t<\/div>\n\t\t\t\t<div class=\"elementor-element elementor-element-d5990cc elementor-widget elementor-widget-text-editor\" data-id=\"d5990cc\" data-element_type=\"widget\" data-e-type=\"widget\" data-widget_type=\"text-editor.default\">\n\t\t\t\t<div class=\"elementor-widget-container\">\n\t\t\t\t\t\t\t\t\t<p>N\u00eb Xoxa Agency, ne ndihmojm\u00eb bizneset t\u00eb shfryt\u00ebzojn\u00eb teknologjin\u00eb p\u00ebr t\u00eb arritur q\u00ebllimet e tyre n\u00eb m\u00ebnyr\u00eb efikase dhe t\u00eb sigurt. Sh\u00ebrbimet tona t\u00eb konsulenc\u00ebs IT jan\u00eb krijuar p\u00ebr t\u00eb harmonizuar infrastruktur\u00ebn tuaj teknologjike me objektivat tuaja strategjike, duke siguruar agjilitet, shkall\u00ebzueshm\u00ebri dhe inovacion n\u00eb \u00e7do hap. Nga integrimi i sistemeve deri te siguria kibernetike, ne ofrojm\u00eb udh\u00ebzime eksperte p\u00ebr t\u00eb naviguar peizazhin e shpejt\u00eb digjital t\u00eb sot\u00ebm, duke fuqizuar biznesin tuaj t\u00eb mbetet konkurrues dhe i gatsh\u00ebm p\u00ebr t\u00eb ardhmen.  <\/p>\t\t\t\t\t\t\t\t<\/div>\n\t\t\t\t<\/div>\n\t\t\t\t<\/div>\n\t\t<div class=\"elementor-element elementor-element-40a4ea3 e-con-full e-flex e-con e-child\" data-id=\"40a4ea3\" data-element_type=\"container\" data-e-type=\"container\">\n\t\t<div class=\"elementor-element elementor-element-82f0edb e-con-full e-flex e-con e-child\" data-id=\"82f0edb\" data-element_type=\"container\" data-e-type=\"container\">\n\t\t\t\t<div class=\"elementor-element elementor-element-a2ef0ec elementor-widget elementor-widget-heading\" data-id=\"a2ef0ec\" data-element_type=\"widget\" data-e-type=\"widget\" data-widget_type=\"heading.default\">\n\t\t\t\t<div class=\"elementor-widget-container\">\n\t\t\t\t\t<h2 class=\"elementor-heading-title elementor-size-default\">Gati p\u00ebr t\u00eb Transformuar Prezenc\u00ebn Tuaj Digjitale?<\/h2>\t\t\t\t<\/div>\n\t\t\t\t<\/div>\n\t\t\t\t<div class=\"elementor-element elementor-element-7d85c2b elementor-align-center elementor-widget elementor-widget-button\" data-id=\"7d85c2b\" data-element_type=\"widget\" data-e-type=\"widget\" data-widget_type=\"button.default\">\n\t\t\t\t<div class=\"elementor-widget-container\">\n\t\t\t\t\t\t\t\t\t<div class=\"elementor-button-wrapper\">\n\t\t\t\t\t<a class=\"elementor-button elementor-button-link elementor-size-sm\" href=\"https:\/\/www.xoxa.agency\/sq\/kontakt\/\">\n\t\t\t\t\t\t<span class=\"elementor-button-content-wrapper\">\n\t\t\t\t\t\t\t\t\t<span class=\"elementor-button-text\">Fol me nj\u00eb ekspert<\/span>\n\t\t\t\t\t<\/span>\n\t\t\t\t\t<\/a>\n\t\t\t\t<\/div>\n\t\t\t\t\t\t\t\t<\/div>\n\t\t\t\t<\/div>\n\t\t\t\t<\/div>\n\t\t\t\t<\/div>\n\t\t\t\t<\/div>\n\t\t\t\t\t<\/div>\n\t\t\t\t<\/div>\n\t\t<div class=\"elementor-element elementor-element-7c71a79 e-flex e-con-boxed e-con e-parent\" data-id=\"7c71a79\" data-element_type=\"container\" data-e-type=\"container\">\n\t\t\t\t\t<div class=\"e-con-inner\">\n\t\t\t\t<div class=\"elementor-element elementor-element-7a025f2 elementor-invisible elementor-widget elementor-widget-jkit_animated_text\" data-id=\"7a025f2\" data-element_type=\"widget\" data-e-type=\"widget\" data-settings=\"{&quot;_animation&quot;:&quot;fadeInUp&quot;}\" data-widget_type=\"jkit_animated_text.default\">\n\t\t\t\t<div class=\"elementor-widget-container\">\n\t\t\t\t\t<div  class=\"jeg-elementor-kit jkit-animated-text jeg_module__1_69f1c9a910e57\"  data-style=\"none\"><p class=\"animated-text\"><span class=\"normal-text style-gradient\">Service Benefits<\/span><span class=\"dynamic-wrapper style-gradient\"><span class=\"dynamic-text\"><\/span><\/span><span class=\"normal-text style-gradient\"> <\/span><\/p><\/div>\t\t\t\t<\/div>\n\t\t\t\t<\/div>\n\t\t\t\t<div class=\"elementor-element elementor-element-4b3db57 elementor-widget__width-initial elementor-widget-tablet__width-inherit elementor-widget elementor-widget-text-editor\" data-id=\"4b3db57\" data-element_type=\"widget\" data-e-type=\"widget\" data-widget_type=\"text-editor.default\">\n\t\t\t\t<div class=\"elementor-widget-container\">\n\t\t\t\t\t\t\t\t\t<p>P\u00ebrjetoni zgjidhje t\u00eb personalizuara q\u00eb sjellin rezultate reale \u2014 duke fuqizuar biznesin tuaj me ekspertiz\u00eb, efikasitet dhe vler\u00eb afatgjat\u00eb.<\/p>\t\t\t\t\t\t\t\t<\/div>\n\t\t\t\t<\/div>\n\t\t<div class=\"elementor-element elementor-element-c87572a e-con-full e-flex e-con e-child\" data-id=\"c87572a\" data-element_type=\"container\" data-e-type=\"container\">\n\t\t<div class=\"elementor-element elementor-element-20fdda1 e-con-full e-flex e-con e-child\" data-id=\"20fdda1\" data-element_type=\"container\" data-e-type=\"container\">\n\t\t\t\t<div class=\"elementor-element elementor-element-0524c5d elementor-widget elementor-widget-heading\" data-id=\"0524c5d\" data-element_type=\"widget\" data-e-type=\"widget\" data-widget_type=\"heading.default\">\n\t\t\t\t<div class=\"elementor-widget-container\">\n\t\t\t\t\t<h2 class=\"elementor-heading-title elementor-size-default\">Strategjia e Transformimit Digjital<\/h2>\t\t\t\t<\/div>\n\t\t\t\t<\/div>\n\t\t\t\t<div class=\"elementor-element elementor-element-32d2a02 elementor-widget elementor-widget-text-editor\" data-id=\"32d2a02\" data-element_type=\"widget\" data-e-type=\"widget\" data-widget_type=\"text-editor.default\">\n\t\t\t\t<div class=\"elementor-widget-container\">\n\t\t\t\t\t\t\t\t\t<p>Ne udh\u00ebheqim bizneset p\u00ebrmes ndryshimeve gjith\u00ebp\u00ebrfshir\u00ebse digjitale, duke ju ndihmuar t\u00eb adoptoni teknologji t\u00eb reja dhe t\u00eb optimizoni operacionet p\u00ebr performanc\u00eb m\u00eb t\u00eb mir\u00eb.<\/p>\t\t\t\t\t\t\t\t<\/div>\n\t\t\t\t<\/div>\n\t\t\t\t<\/div>\n\t\t<div class=\"elementor-element elementor-element-791f9e9 e-con-full e-flex e-con e-child\" data-id=\"791f9e9\" data-element_type=\"container\" data-e-type=\"container\">\n\t\t\t\t<div class=\"elementor-element elementor-element-ad4e77c elementor-widget elementor-widget-heading\" data-id=\"ad4e77c\" data-element_type=\"widget\" data-e-type=\"widget\" data-widget_type=\"heading.default\">\n\t\t\t\t<div class=\"elementor-widget-container\">\n\t\t\t\t\t<h2 class=\"elementor-heading-title elementor-size-default\">Zgjidhje Cloud dhe Migrimi<\/h2>\t\t\t\t<\/div>\n\t\t\t\t<\/div>\n\t\t\t\t<div class=\"elementor-element elementor-element-6548556 elementor-widget elementor-widget-text-editor\" data-id=\"6548556\" data-element_type=\"widget\" data-e-type=\"widget\" data-widget_type=\"text-editor.default\">\n\t\t\t\t<div class=\"elementor-widget-container\">\n\t\t\t\t\t\t\t\t\t<p><br>Nga planifikimi deri te ekzekutimi, ne mb\u00ebshtesim l\u00ebvizjen tuaj drejt cloud-it, duke ofruar zgjidhje t\u00eb shkall\u00ebzueshme q\u00eb rrisin fleksibilitetin dhe reduktojn\u00eb kostot.<\/p>\t\t\t\t\t\t\t\t<\/div>\n\t\t\t\t<\/div>\n\t\t\t\t<\/div>\n\t\t<div class=\"elementor-element elementor-element-5da81ea e-con-full e-flex e-con e-child\" data-id=\"5da81ea\" data-element_type=\"container\" data-e-type=\"container\">\n\t\t\t\t<div class=\"elementor-element elementor-element-3784a00 elementor-widget elementor-widget-heading\" data-id=\"3784a00\" data-element_type=\"widget\" data-e-type=\"widget\" data-widget_type=\"heading.default\">\n\t\t\t\t<div class=\"elementor-widget-container\">\n\t\t\t\t\t<h2 class=\"elementor-heading-title elementor-size-default\">Siguria Kibernetike dhe Menaxhimi i Rrezikut<\/h2>\t\t\t\t<\/div>\n\t\t\t\t<\/div>\n\t\t\t\t<div class=\"elementor-element elementor-element-164342f elementor-widget elementor-widget-text-editor\" data-id=\"164342f\" data-element_type=\"widget\" data-e-type=\"widget\" data-widget_type=\"text-editor.default\">\n\t\t\t\t<div class=\"elementor-widget-container\">\n\t\t\t\t\t\t\t\t\t<p>Mbroni pasurit\u00eb tuaja me kornizat tona t\u00eb fuqishme t\u00eb siguris\u00eb, duke siguruar integritetin e t\u00eb dh\u00ebnave, konformitetin dhe zbutjen e rrezikut.<\/p><p> <\/p>\t\t\t\t\t\t\t\t<\/div>\n\t\t\t\t<\/div>\n\t\t\t\t<\/div>\n\t\t\t\t<\/div>\n\t\t<div class=\"elementor-element elementor-element-a2a1cd0 e-con-full e-flex e-con e-child\" data-id=\"a2a1cd0\" data-element_type=\"container\" data-e-type=\"container\">\n\t\t<div class=\"elementor-element elementor-element-658ff3a e-con-full e-flex e-con e-child\" data-id=\"658ff3a\" data-element_type=\"container\" data-e-type=\"container\">\n\t\t\t\t<div class=\"elementor-element elementor-element-a9f8b0d elementor-widget elementor-widget-heading\" data-id=\"a9f8b0d\" data-element_type=\"widget\" data-e-type=\"widget\" data-widget_type=\"heading.default\">\n\t\t\t\t<div class=\"elementor-widget-container\">\n\t\t\t\t\t<h2 class=\"elementor-heading-title elementor-size-default\">Dizajni dhe Menaxhimi i Infrastruktur\u00ebs IT<\/h2>\t\t\t\t<\/div>\n\t\t\t\t<\/div>\n\t\t\t\t<div class=\"elementor-element elementor-element-5cff232 elementor-widget elementor-widget-text-editor\" data-id=\"5cff232\" data-element_type=\"widget\" data-e-type=\"widget\" data-widget_type=\"text-editor.default\">\n\t\t\t\t<div class=\"elementor-widget-container\">\n\t\t\t\t\t\t\t\t\t<p>Ne dizajnojm\u00eb, implementojm\u00eb dhe menaxhojm\u00eb sistemet IT q\u00eb mb\u00ebshtesin nevojat e biznesit tuaj\u2014qoft\u00eb n\u00eb ambientet lokale, hibride, ose plot\u00ebsisht t\u00eb larg\u00ebta.<\/p>\t\t\t\t\t\t\t\t<\/div>\n\t\t\t\t<\/div>\n\t\t\t\t<\/div>\n\t\t<div class=\"elementor-element elementor-element-a1c63ca e-con-full e-flex e-con e-child\" data-id=\"a1c63ca\" data-element_type=\"container\" data-e-type=\"container\">\n\t\t\t\t<div class=\"elementor-element elementor-element-e4e1fa3 elementor-widget elementor-widget-heading\" data-id=\"e4e1fa3\" data-element_type=\"widget\" data-e-type=\"widget\" data-widget_type=\"heading.default\">\n\t\t\t\t<div class=\"elementor-widget-container\">\n\t\t\t\t\t<h2 class=\"elementor-heading-title elementor-size-default\">Zhvillimi i Softuerit dhe Integrimi<\/h2>\t\t\t\t<\/div>\n\t\t\t\t<\/div>\n\t\t\t\t<div class=\"elementor-element elementor-element-8674998 elementor-widget elementor-widget-text-editor\" data-id=\"8674998\" data-element_type=\"widget\" data-e-type=\"widget\" data-widget_type=\"text-editor.default\">\n\t\t\t\t<div class=\"elementor-widget-container\">\n\t\t\t\t\t\t\t\t\t<p>Zgjidhje software t\u00eb personalizuara t\u00eb p\u00ebrshtatura p\u00ebr operacionet tuaja, plus integrim t\u00eb qet\u00eb me mjetet dhe platformat ekzistuese.<\/p>\t\t\t\t\t\t\t\t<\/div>\n\t\t\t\t<\/div>\n\t\t\t\t<\/div>\n\t\t<div class=\"elementor-element elementor-element-0d4090d e-con-full e-flex e-con e-child\" data-id=\"0d4090d\" data-element_type=\"container\" data-e-type=\"container\">\n\t\t\t\t<div class=\"elementor-element elementor-element-327f117 elementor-widget elementor-widget-heading\" data-id=\"327f117\" data-element_type=\"widget\" data-e-type=\"widget\" data-widget_type=\"heading.default\">\n\t\t\t\t<div class=\"elementor-widget-container\">\n\t\t\t\t\t<h2 class=\"elementor-heading-title elementor-size-default\">Mb\u00ebshtetja IT dhe Sh\u00ebrbimet e Menaxhuara<\/h2>\t\t\t\t<\/div>\n\t\t\t\t<\/div>\n\t\t\t\t<div class=\"elementor-element elementor-element-232e6c3 elementor-widget elementor-widget-text-editor\" data-id=\"232e6c3\" data-element_type=\"widget\" data-e-type=\"widget\" data-widget_type=\"text-editor.default\">\n\t\t\t\t<div class=\"elementor-widget-container\">\n\t\t\t\t\t\t\t\t\t<p>Reliable, proactive support to keep your systems running smoothly, with dedicated teams ready to handle your day-to-day IT challenges.<\/p>\t\t\t\t\t\t\t\t<\/div>\n\t\t\t\t<\/div>\n\t\t\t\t<\/div>\n\t\t\t\t<\/div>\n\t\t\t\t\t<\/div>\n\t\t\t\t<\/div>\n\t\t\t\t<\/div>\n\t\t","protected":false},"excerpt":{"rendered":"<p>Zgjidhje Novatore IT p\u00ebr nj\u00eb Bot\u00eb Digjitale N\u00eb Xoxa Agency, ne ndihmojm\u00eb bizneset t\u00eb shfryt\u00ebzojn\u00eb teknologjin\u00eb p\u00ebr t\u00eb arritur q\u00ebllimet e tyre n\u00eb m\u00ebnyr\u00eb efikase dhe t\u00eb sigurt. Sh\u00ebrbimet tona t\u00eb konsulenc\u00ebs IT jan\u00eb krijuar p\u00ebr t\u00eb harmonizuar infrastruktur\u00ebn tuaj teknologjike me objektivat tuaja strategjike, duke siguruar agjilitet, shkall\u00ebzueshm\u00ebri dhe inovacion n\u00eb \u00e7do hap. Nga [&hellip;]<\/p>\n","protected":false},"author":1,"featured_media":0,"parent":0,"menu_order":0,"comment_status":"closed","ping_status":"closed","template":"","meta":{"footnotes":""},"class_list":["post-1651","page","type-page","status-publish","hentry"],"_links":{"self":[{"href":"https:\/\/www.xoxa.agency\/sq\/wp-json\/wp\/v2\/pages\/1651","targetHints":{"allow":["GET"]}}],"collection":[{"href":"https:\/\/www.xoxa.agency\/sq\/wp-json\/wp\/v2\/pages"}],"about":[{"href":"https:\/\/www.xoxa.agency\/sq\/wp-json\/wp\/v2\/types\/page"}],"author":[{"embeddable":true,"href":"https:\/\/www.xoxa.agency\/sq\/wp-json\/wp\/v2\/users\/1"}],"replies":[{"embeddable":true,"href":"https:\/\/www.xoxa.agency\/sq\/wp-json\/wp\/v2\/comments?post=1651"}],"version-history":[{"count":2,"href":"https:\/\/www.xoxa.agency\/sq\/wp-json\/wp\/v2\/pages\/1651\/revisions"}],"predecessor-version":[{"id":1760,"href":"https:\/\/www.xoxa.agency\/sq\/wp-json\/wp\/v2\/pages\/1651\/revisions\/1760"}],"wp:attachment":[{"href":"https:\/\/www.xoxa.agency\/sq\/wp-json\/wp\/v2\/media?parent=1651"}],"curies":[{"name":"wp","href":"https:\/\/api.w.org\/{rel}","templated":true}]}}