{"id":1643,"date":"2025-04-23T12:49:42","date_gmt":"2025-04-23T12:49:42","guid":{"rendered":"https:\/\/www.xoxa.agency\/konsulence-ligjore\/"},"modified":"2025-11-17T18:11:48","modified_gmt":"2025-11-17T18:11:48","slug":"konsulence-ligjore","status":"publish","type":"page","link":"https:\/\/www.xoxa.agency\/sq\/konsulence-ligjore\/","title":{"rendered":"Konsulenc\u00eb Ligjore"},"content":{"rendered":"\t\t<div data-elementor-type=\"wp-page\" data-elementor-id=\"1643\" class=\"elementor elementor-1643 elementor-1278\" data-elementor-post-type=\"page\">\n\t\t\t\t<div class=\"elementor-element elementor-element-61957c5 e-flex e-con-boxed e-con e-parent\" data-id=\"61957c5\" data-element_type=\"container\" data-e-type=\"container\" data-settings=\"{&quot;background_background&quot;:&quot;gradient&quot;}\">\n\t\t\t\t\t<div class=\"e-con-inner\">\n\t\t\t\t<div class=\"elementor-element elementor-element-251ccac elementor-invisible elementor-widget elementor-widget-jkit_animated_text\" data-id=\"251ccac\" data-element_type=\"widget\" data-e-type=\"widget\" data-settings=\"{&quot;_animation&quot;:&quot;fadeInUp&quot;}\" data-widget_type=\"jkit_animated_text.default\">\n\t\t\t\t<div class=\"elementor-widget-container\">\n\t\t\t\t\t<div  class=\"jeg-elementor-kit jkit-animated-text jeg_module___69f1c9755842a\"  data-style=\"none\"><p class=\"animated-text\"><span class=\"normal-text style-gradient\"><\/span><span class=\"dynamic-wrapper style-gradient\"><span class=\"dynamic-text\"><\/span><\/span><span class=\"normal-text style-gradient\"> <\/span><\/p><\/div>\t\t\t\t<\/div>\n\t\t\t\t<\/div>\n\t\t\t\t\t<\/div>\n\t\t\t\t<\/div>\n\t\t<div class=\"elementor-element elementor-element-39ffe0d e-flex e-con-boxed e-con e-parent\" data-id=\"39ffe0d\" data-element_type=\"container\" data-e-type=\"container\" data-settings=\"{&quot;background_background&quot;:&quot;gradient&quot;}\">\n\t\t\t\t\t<div class=\"e-con-inner\">\n\t\t<div class=\"elementor-element elementor-element-1923e3d e-con-full e-flex e-con e-child\" data-id=\"1923e3d\" data-element_type=\"container\" data-e-type=\"container\">\n\t\t<div class=\"elementor-element elementor-element-c7fdbfc e-con-full e-flex e-con e-child\" data-id=\"c7fdbfc\" data-element_type=\"container\" data-e-type=\"container\">\n\t\t\t\t<div class=\"elementor-element elementor-element-23b855f elementor-widget elementor-widget-heading\" data-id=\"23b855f\" data-element_type=\"widget\" data-e-type=\"widget\" data-widget_type=\"heading.default\">\n\t\t\t\t<div class=\"elementor-widget-container\">\n\t\t\t\t\t<h2 class=\"elementor-heading-title elementor-size-default\">Udh\u00ebzim Ligjor q\u00eb Mb\u00ebshtet Rritjen Tuaj<\/h2>\t\t\t\t<\/div>\n\t\t\t\t<\/div>\n\t\t\t\t<div class=\"elementor-element elementor-element-6e6d5f1 elementor-widget elementor-widget-text-editor\" data-id=\"6e6d5f1\" data-element_type=\"widget\" data-e-type=\"widget\" data-widget_type=\"text-editor.default\">\n\t\t\t\t<div class=\"elementor-widget-container\">\n\t\t\t\t\t\t\t\t\t<p>N\u00eb Xoxa Agency, ne ofrojm\u00eb konsulenc\u00eb ligjore t\u00eb qart\u00eb dhe praktike p\u00ebr t\u2019ju ndihmuar t\u00eb navigoni n\u00eb mjedise komplekse rregullatore dhe t\u00eb minimizoni rrezikun. Ekspert\u00ebt tan\u00eb ligjor\u00eb bashk\u00ebpunojn\u00eb me ju p\u00ebr t\u00eb siguruar p\u00ebrputhshm\u00ebri, p\u00ebr t\u00eb mbrojtur interesat tuaja dhe p\u00ebr t\u00eb mb\u00ebshtetur vendimmarrjen e informuar n\u00eb \u00e7do faz\u00eb t\u00eb biznesit tuaj. Qoft\u00eb q\u00eb po strukturoni nj\u00eb sip\u00ebrmarrje t\u00eb re ose po trajtoni \u00e7\u00ebshtje ligjore komplekse, ne ofrojm\u00eb k\u00ebshilla strategjike q\u00eb p\u00ebrputhen me objektivat tuaja dhe nxisin suksesin afatgjat\u00eb.  <\/p>\t\t\t\t\t\t\t\t<\/div>\n\t\t\t\t<\/div>\n\t\t\t\t<\/div>\n\t\t<div class=\"elementor-element elementor-element-9b0da1a e-con-full e-flex e-con e-child\" data-id=\"9b0da1a\" data-element_type=\"container\" data-e-type=\"container\">\n\t\t<div class=\"elementor-element elementor-element-4858b17 e-con-full e-flex e-con e-child\" data-id=\"4858b17\" data-element_type=\"container\" data-e-type=\"container\">\n\t\t\t\t<div class=\"elementor-element elementor-element-eda28c7 elementor-widget elementor-widget-heading\" data-id=\"eda28c7\" data-element_type=\"widget\" data-e-type=\"widget\" data-widget_type=\"heading.default\">\n\t\t\t\t<div class=\"elementor-widget-container\">\n\t\t\t\t\t<h2 class=\"elementor-heading-title elementor-size-default\">Gati p\u00ebr t\u00eb Transformuar Prezenc\u00ebn Tuaj Digjitale?<\/h2>\t\t\t\t<\/div>\n\t\t\t\t<\/div>\n\t\t\t\t<div class=\"elementor-element elementor-element-99164e7 elementor-align-center elementor-widget elementor-widget-button\" data-id=\"99164e7\" data-element_type=\"widget\" data-e-type=\"widget\" data-widget_type=\"button.default\">\n\t\t\t\t<div class=\"elementor-widget-container\">\n\t\t\t\t\t\t\t\t\t<div class=\"elementor-button-wrapper\">\n\t\t\t\t\t<a class=\"elementor-button elementor-button-link elementor-size-sm\" href=\"https:\/\/www.xoxa.agency\/sq\/kontakt\/\">\n\t\t\t\t\t\t<span class=\"elementor-button-content-wrapper\">\n\t\t\t\t\t\t\t\t\t<span class=\"elementor-button-text\">Fol me nj\u00eb ekspert<\/span>\n\t\t\t\t\t<\/span>\n\t\t\t\t\t<\/a>\n\t\t\t\t<\/div>\n\t\t\t\t\t\t\t\t<\/div>\n\t\t\t\t<\/div>\n\t\t\t\t<\/div>\n\t\t\t\t<\/div>\n\t\t\t\t<\/div>\n\t\t\t\t\t<\/div>\n\t\t\t\t<\/div>\n\t\t<div class=\"elementor-element elementor-element-f629392 e-flex e-con-boxed e-con e-parent\" data-id=\"f629392\" data-element_type=\"container\" data-e-type=\"container\">\n\t\t\t\t\t<div class=\"e-con-inner\">\n\t\t\t\t<div class=\"elementor-element elementor-element-116eae3 elementor-invisible elementor-widget elementor-widget-jkit_animated_text\" data-id=\"116eae3\" data-element_type=\"widget\" data-e-type=\"widget\" data-settings=\"{&quot;_animation&quot;:&quot;fadeInUp&quot;}\" data-widget_type=\"jkit_animated_text.default\">\n\t\t\t\t<div class=\"elementor-widget-container\">\n\t\t\t\t\t<div  class=\"jeg-elementor-kit jkit-animated-text jeg_module__1_69f1c9755a2fa\"  data-style=\"none\"><p class=\"animated-text\"><span class=\"normal-text style-gradient\">Service Benefits<\/span><span class=\"dynamic-wrapper style-gradient\"><span class=\"dynamic-text\"><\/span><\/span><span class=\"normal-text style-gradient\"> <\/span><\/p><\/div>\t\t\t\t<\/div>\n\t\t\t\t<\/div>\n\t\t\t\t<div class=\"elementor-element elementor-element-5a168b7 elementor-widget__width-initial elementor-widget-tablet__width-inherit elementor-widget elementor-widget-text-editor\" data-id=\"5a168b7\" data-element_type=\"widget\" data-e-type=\"widget\" data-widget_type=\"text-editor.default\">\n\t\t\t\t<div class=\"elementor-widget-container\">\n\t\t\t\t\t\t\t\t\t<p>P\u00ebrjetoni zgjidhje t\u00eb personalizuara q\u00eb sjellin rezultate reale \u2014 duke fuqizuar biznesin tuaj me ekspertiz\u00eb, efikasitet dhe vler\u00eb afatgjat\u00eb.<\/p>\t\t\t\t\t\t\t\t<\/div>\n\t\t\t\t<\/div>\n\t\t<div class=\"elementor-element elementor-element-2838eec e-con-full e-flex e-con e-child\" data-id=\"2838eec\" data-element_type=\"container\" data-e-type=\"container\">\n\t\t<div class=\"elementor-element elementor-element-1fe3a8d e-con-full e-flex e-con e-child\" data-id=\"1fe3a8d\" data-element_type=\"container\" data-e-type=\"container\">\n\t\t\t\t<div class=\"elementor-element elementor-element-82b80f6 elementor-widget elementor-widget-heading\" data-id=\"82b80f6\" data-element_type=\"widget\" data-e-type=\"widget\" data-widget_type=\"heading.default\">\n\t\t\t\t<div class=\"elementor-widget-container\">\n\t\t\t\t\t<h2 class=\"elementor-heading-title elementor-size-default\">Sh\u00ebrbimi Yn\u00eb i Konsulenc\u00ebs Ligjore<\/h2>\t\t\t\t<\/div>\n\t\t\t\t<\/div>\n\t\t\t\t<div class=\"elementor-element elementor-element-0687413 elementor-widget elementor-widget-text-editor\" data-id=\"0687413\" data-element_type=\"widget\" data-e-type=\"widget\" data-widget_type=\"text-editor.default\">\n\t\t\t\t<div class=\"elementor-widget-container\">\n\t\t\t\t\t\t\t\t\t<p>Themelimi &amp; Strukturimi i Biznesit<br>Ne ndihmojm\u00eb n\u00eb zgjedhjen e entitetit, themelimin dhe strukturimin ligjor p\u00ebr t\u00eb siguruar q\u00eb biznesi juaj t\u00eb nd\u00ebrtohet mbi nj\u00eb themel t\u00eb fort\u00eb dhe t\u00eb p\u00ebrputhsh\u00ebm me ligjin.<\/p>\t\t\t\t\t\t\t\t<\/div>\n\t\t\t\t<\/div>\n\t\t\t\t<\/div>\n\t\t<div class=\"elementor-element elementor-element-96f20e2 e-con-full e-flex e-con e-child\" data-id=\"96f20e2\" data-element_type=\"container\" data-e-type=\"container\">\n\t\t\t\t<div class=\"elementor-element elementor-element-6196efe elementor-widget elementor-widget-heading\" data-id=\"6196efe\" data-element_type=\"widget\" data-e-type=\"widget\" data-widget_type=\"heading.default\">\n\t\t\t\t<div class=\"elementor-widget-container\">\n\t\t\t\t\t<h2 class=\"elementor-heading-title elementor-size-default\">Hartimi &amp; Rishikimi i Kontratave<\/h2>\t\t\t\t<\/div>\n\t\t\t\t<\/div>\n\t\t\t\t<div class=\"elementor-element elementor-element-f5c5b60 elementor-widget elementor-widget-text-editor\" data-id=\"f5c5b60\" data-element_type=\"widget\" data-e-type=\"widget\" data-widget_type=\"text-editor.default\">\n\t\t\t\t<div class=\"elementor-widget-container\">\n\t\t\t\t\t\t\t\t\t<p>Mbroni interesat tuaja me kontrata dhe marr\u00ebveshje t\u00eb hartuara profesionalisht, si dhe rishikime ligjore t\u00eb detajuara t\u00eb p\u00ebrshtatura p\u00ebr aktivitetet tuaja.<\/p>\t\t\t\t\t\t\t\t<\/div>\n\t\t\t\t<\/div>\n\t\t\t\t<\/div>\n\t\t<div class=\"elementor-element elementor-element-016c5d2 e-con-full e-flex e-con e-child\" data-id=\"016c5d2\" data-element_type=\"container\" data-e-type=\"container\">\n\t\t\t\t<div class=\"elementor-element elementor-element-b6ae668 elementor-widget elementor-widget-heading\" data-id=\"b6ae668\" data-element_type=\"widget\" data-e-type=\"widget\" data-widget_type=\"heading.default\">\n\t\t\t\t<div class=\"elementor-widget-container\">\n\t\t\t\t\t<h2 class=\"elementor-heading-title elementor-size-default\">P\u00ebrputhshm\u00ebria me Rregulloret &amp; Menaxhimi i Rreziqeve<\/h2>\t\t\t\t<\/div>\n\t\t\t\t<\/div>\n\t\t\t\t<div class=\"elementor-element elementor-element-207d0d2 elementor-widget elementor-widget-text-editor\" data-id=\"207d0d2\" data-element_type=\"widget\" data-e-type=\"widget\" data-widget_type=\"text-editor.default\">\n\t\t\t\t<div class=\"elementor-widget-container\">\n\t\t\t\t\t\t\t\t\t<p>Q\u00ebndroni p\u00ebrpara detyrimeve ligjore me strategji proaktive t\u00eb p\u00ebrputhshm\u00ebris\u00eb, auditime dhe vler\u00ebsime t\u00eb rreziqeve n\u00eb t\u00eb gjitha industrit\u00eb.<\/p>\t\t\t\t\t\t\t\t<\/div>\n\t\t\t\t<\/div>\n\t\t\t\t<\/div>\n\t\t\t\t<\/div>\n\t\t<div class=\"elementor-element elementor-element-2783e96 e-con-full e-flex e-con e-child\" data-id=\"2783e96\" data-element_type=\"container\" data-e-type=\"container\">\n\t\t<div class=\"elementor-element elementor-element-571ad0a e-con-full e-flex e-con e-child\" data-id=\"571ad0a\" data-element_type=\"container\" data-e-type=\"container\">\n\t\t\t\t<div class=\"elementor-element elementor-element-ab0f03b elementor-widget elementor-widget-heading\" data-id=\"ab0f03b\" data-element_type=\"widget\" data-e-type=\"widget\" data-widget_type=\"heading.default\">\n\t\t\t\t<div class=\"elementor-widget-container\">\n\t\t\t\t\t<h2 class=\"elementor-heading-title elementor-size-default\">Mbrojtja e Pron\u00ebs Intelectuale<\/h2>\t\t\t\t<\/div>\n\t\t\t\t<\/div>\n\t\t\t\t<div class=\"elementor-element elementor-element-19fa35c elementor-widget elementor-widget-text-editor\" data-id=\"19fa35c\" data-element_type=\"widget\" data-e-type=\"widget\" data-widget_type=\"text-editor.default\">\n\t\t\t\t<div class=\"elementor-widget-container\">\n\t\t\t\t\t\t\t\t\t<p>Mbroni idet\u00eb tuaja me mb\u00ebshtetje ligjore p\u00ebr markat tregtare, t\u00eb drejtat e autorit, patentat dhe marr\u00ebveshjet e licencimit.<\/p>\t\t\t\t\t\t\t\t<\/div>\n\t\t\t\t<\/div>\n\t\t\t\t<\/div>\n\t\t<div class=\"elementor-element elementor-element-0104736 e-con-full e-flex e-con e-child\" data-id=\"0104736\" data-element_type=\"container\" data-e-type=\"container\">\n\t\t\t\t<div class=\"elementor-element elementor-element-617874f elementor-widget elementor-widget-heading\" data-id=\"617874f\" data-element_type=\"widget\" data-e-type=\"widget\" data-widget_type=\"heading.default\">\n\t\t\t\t<div class=\"elementor-widget-container\">\n\t\t\t\t\t<h2 class=\"elementor-heading-title elementor-size-default\">Konsulenc\u00eb Ligjore p\u00ebr Pun\u00ebsim<\/h2>\t\t\t\t<\/div>\n\t\t\t\t<\/div>\n\t\t\t\t<div class=\"elementor-element elementor-element-80afb7c elementor-widget elementor-widget-text-editor\" data-id=\"80afb7c\" data-element_type=\"widget\" data-e-type=\"widget\" data-widget_type=\"text-editor.default\">\n\t\t\t\t<div class=\"elementor-widget-container\">\n\t\t\t\t\t\t\t\t\t<p>Merrni udh\u00ebzime eksperte mbi marr\u00ebdh\u00ebniet me punonj\u00ebsit, politikat, kontratat dhe p\u00ebrputhshm\u00ebrin\u00eb ligjore n\u00eb rekrutimin dhe menaxhimin e forc\u00ebs pun\u00ebtore.<\/p>\t\t\t\t\t\t\t\t<\/div>\n\t\t\t\t<\/div>\n\t\t\t\t<\/div>\n\t\t<div class=\"elementor-element elementor-element-63e0050 e-con-full e-flex e-con e-child\" data-id=\"63e0050\" data-element_type=\"container\" data-e-type=\"container\">\n\t\t\t\t<div class=\"elementor-element elementor-element-1346abe elementor-widget elementor-widget-heading\" data-id=\"1346abe\" data-element_type=\"widget\" data-e-type=\"widget\" data-widget_type=\"heading.default\">\n\t\t\t\t<div class=\"elementor-widget-container\">\n\t\t\t\t\t<h2 class=\"elementor-heading-title elementor-size-default\">Zgjidhja e Mosmarr\u00ebveshjeve &amp; Mb\u00ebshtetje Ligjore n\u00eb Proceset Gjyq\u00ebsore<\/h2>\t\t\t\t<\/div>\n\t\t\t\t<\/div>\n\t\t\t\t<div class=\"elementor-element elementor-element-d847715 elementor-widget elementor-widget-text-editor\" data-id=\"d847715\" data-element_type=\"widget\" data-e-type=\"widget\" data-widget_type=\"text-editor.default\">\n\t\t\t\t<div class=\"elementor-widget-container\">\n\t\t\t\t\t\t\t\t\t<p>Zgjidhni konfliktet n\u00eb m\u00ebnyr\u00eb efikase me ekspertiz\u00ebn ton\u00eb ligjore n\u00eb negociata, mediazion dhe mb\u00ebshtetje gjat\u00eb proceseve gjyq\u00ebsore.<\/p>\t\t\t\t\t\t\t\t<\/div>\n\t\t\t\t<\/div>\n\t\t\t\t<\/div>\n\t\t\t\t<\/div>\n\t\t\t\t\t<\/div>\n\t\t\t\t<\/div>\n\t\t\t\t<\/div>\n\t\t","protected":false},"excerpt":{"rendered":"<p>Udh\u00ebzim Ligjor q\u00eb Mb\u00ebshtet Rritjen Tuaj N\u00eb Xoxa Agency, ne ofrojm\u00eb konsulenc\u00eb ligjore t\u00eb qart\u00eb dhe praktike p\u00ebr t\u2019ju ndihmuar t\u00eb navigoni n\u00eb mjedise komplekse rregullatore dhe t\u00eb minimizoni rrezikun. Ekspert\u00ebt tan\u00eb ligjor\u00eb bashk\u00ebpunojn\u00eb me ju p\u00ebr t\u00eb siguruar p\u00ebrputhshm\u00ebri, p\u00ebr t\u00eb mbrojtur interesat tuaja dhe p\u00ebr t\u00eb mb\u00ebshtetur vendimmarrjen e informuar n\u00eb \u00e7do faz\u00eb [&hellip;]<\/p>\n","protected":false},"author":1,"featured_media":0,"parent":0,"menu_order":0,"comment_status":"closed","ping_status":"closed","template":"","meta":{"footnotes":""},"class_list":["post-1643","page","type-page","status-publish","hentry"],"_links":{"self":[{"href":"https:\/\/www.xoxa.agency\/sq\/wp-json\/wp\/v2\/pages\/1643","targetHints":{"allow":["GET"]}}],"collection":[{"href":"https:\/\/www.xoxa.agency\/sq\/wp-json\/wp\/v2\/pages"}],"about":[{"href":"https:\/\/www.xoxa.agency\/sq\/wp-json\/wp\/v2\/types\/page"}],"author":[{"embeddable":true,"href":"https:\/\/www.xoxa.agency\/sq\/wp-json\/wp\/v2\/users\/1"}],"replies":[{"embeddable":true,"href":"https:\/\/www.xoxa.agency\/sq\/wp-json\/wp\/v2\/comments?post=1643"}],"version-history":[{"count":3,"href":"https:\/\/www.xoxa.agency\/sq\/wp-json\/wp\/v2\/pages\/1643\/revisions"}],"predecessor-version":[{"id":1765,"href":"https:\/\/www.xoxa.agency\/sq\/wp-json\/wp\/v2\/pages\/1643\/revisions\/1765"}],"wp:attachment":[{"href":"https:\/\/www.xoxa.agency\/sq\/wp-json\/wp\/v2\/media?parent=1643"}],"curies":[{"name":"wp","href":"https:\/\/api.w.org\/{rel}","templated":true}]}}