{"id":1635,"date":"2025-04-23T12:49:49","date_gmt":"2025-04-23T12:49:49","guid":{"rendered":"https:\/\/www.xoxa.agency\/konsulence-ndertimi\/"},"modified":"2025-11-17T18:11:53","modified_gmt":"2025-11-17T18:11:53","slug":"konsulence-ndertimi","status":"publish","type":"page","link":"https:\/\/www.xoxa.agency\/sq\/konsulence-ndertimi\/","title":{"rendered":"Konsulenc\u00eb nd\u00ebrtimi"},"content":{"rendered":"\t\t<div data-elementor-type=\"wp-page\" data-elementor-id=\"1635\" class=\"elementor elementor-1635 elementor-1281\" data-elementor-post-type=\"page\">\n\t\t\t\t<div class=\"elementor-element elementor-element-4b6d582 e-flex e-con-boxed e-con e-parent\" data-id=\"4b6d582\" data-element_type=\"container\" data-e-type=\"container\" data-settings=\"{&quot;background_background&quot;:&quot;gradient&quot;}\">\n\t\t\t\t\t<div class=\"e-con-inner\">\n\t\t\t\t<div class=\"elementor-element elementor-element-cbd3031 elementor-invisible elementor-widget elementor-widget-jkit_animated_text\" data-id=\"cbd3031\" data-element_type=\"widget\" data-e-type=\"widget\" data-settings=\"{&quot;_animation&quot;:&quot;fadeInUp&quot;}\" data-widget_type=\"jkit_animated_text.default\">\n\t\t\t\t<div class=\"elementor-widget-container\">\n\t\t\t\t\t<div  class=\"jeg-elementor-kit jkit-animated-text jeg_module___69f1cdf59645f\"  data-style=\"none\"><p class=\"animated-text\"><span class=\"normal-text style-gradient\"><\/span><span class=\"dynamic-wrapper style-gradient\"><span class=\"dynamic-text\"><\/span><\/span><span class=\"normal-text style-gradient\"> <\/span><\/p><\/div>\t\t\t\t<\/div>\n\t\t\t\t<\/div>\n\t\t\t\t\t<\/div>\n\t\t\t\t<\/div>\n\t\t<div class=\"elementor-element elementor-element-894b4e1 e-flex e-con-boxed e-con e-parent\" data-id=\"894b4e1\" data-element_type=\"container\" data-e-type=\"container\" data-settings=\"{&quot;background_background&quot;:&quot;gradient&quot;}\">\n\t\t\t\t\t<div class=\"e-con-inner\">\n\t\t<div class=\"elementor-element elementor-element-c675730 e-con-full e-flex e-con e-child\" data-id=\"c675730\" data-element_type=\"container\" data-e-type=\"container\">\n\t\t<div class=\"elementor-element elementor-element-1b8df2a e-con-full e-flex e-con e-child\" data-id=\"1b8df2a\" data-element_type=\"container\" data-e-type=\"container\">\n\t\t\t\t<div class=\"elementor-element elementor-element-473cb33 elementor-widget elementor-widget-heading\" data-id=\"473cb33\" data-element_type=\"widget\" data-e-type=\"widget\" data-widget_type=\"heading.default\">\n\t\t\t\t<div class=\"elementor-widget-container\">\n\t\t\t\t\t<h2 class=\"elementor-heading-title elementor-size-default\">Nd\u00ebrtojm\u00eb suksesin nga themelet<\/h2>\t\t\t\t<\/div>\n\t\t\t\t<\/div>\n\t\t\t\t<div class=\"elementor-element elementor-element-0ce678a elementor-widget elementor-widget-text-editor\" data-id=\"0ce678a\" data-element_type=\"widget\" data-e-type=\"widget\" data-widget_type=\"text-editor.default\">\n\t\t\t\t<div class=\"elementor-widget-container\">\n\t\t\t\t\t\t\t\t\t<p>N\u00eb Agjencin\u00eb Xoxa, sh\u00ebrbimet tona t\u00eb Konsulenc\u00ebs s\u00eb Nd\u00ebrtimit jan\u00eb krijuar p\u00ebr t\u00eb mb\u00ebshtetur projektet tuaja nga koncepti deri n\u00eb p\u00ebrfundim. Ne kombinojm\u00eb njohurit\u00eb teknike me planifikimin strategjik p\u00ebr t&#8217;ju ndihmuar t\u00eb menaxhoni kostot, t\u00eb zbusni rreziqet dhe t\u00eb siguroni cil\u00ebsin\u00eb n\u00eb \u00e7do faz\u00eb t\u00eb nd\u00ebrtimit. Pavar\u00ebsisht n\u00ebse po zhvilloni infrastruktur\u00eb t\u00eb re ose po optimizoni projekte ekzistuese, ne ofrojm\u00eb udh\u00ebzime ekspert\u00ebsh p\u00ebr ta mbajtur nd\u00ebrtimin tuaj n\u00eb koh\u00eb, brenda buxhetit dhe n\u00eb p\u00ebrputhje me vizionin tuaj.  <\/p>\t\t\t\t\t\t\t\t<\/div>\n\t\t\t\t<\/div>\n\t\t\t\t<\/div>\n\t\t<div class=\"elementor-element elementor-element-1cceb4a e-con-full e-flex e-con e-child\" data-id=\"1cceb4a\" data-element_type=\"container\" data-e-type=\"container\">\n\t\t<div class=\"elementor-element elementor-element-3efa585 e-con-full e-flex e-con e-child\" data-id=\"3efa585\" data-element_type=\"container\" data-e-type=\"container\">\n\t\t\t\t<div class=\"elementor-element elementor-element-d7ec09e elementor-widget elementor-widget-heading\" data-id=\"d7ec09e\" data-element_type=\"widget\" data-e-type=\"widget\" data-widget_type=\"heading.default\">\n\t\t\t\t<div class=\"elementor-widget-container\">\n\t\t\t\t\t<h2 class=\"elementor-heading-title elementor-size-default\">Gati p\u00ebr t\u00eb Transformuar Prezenc\u00ebn Tuaj Digjitale?<\/h2>\t\t\t\t<\/div>\n\t\t\t\t<\/div>\n\t\t\t\t<div class=\"elementor-element elementor-element-cabe4e4 elementor-align-center elementor-widget elementor-widget-button\" data-id=\"cabe4e4\" data-element_type=\"widget\" data-e-type=\"widget\" data-widget_type=\"button.default\">\n\t\t\t\t<div class=\"elementor-widget-container\">\n\t\t\t\t\t\t\t\t\t<div class=\"elementor-button-wrapper\">\n\t\t\t\t\t<a class=\"elementor-button elementor-button-link elementor-size-sm\" href=\"https:\/\/www.xoxa.agency\/sq\/kontakt\/\">\n\t\t\t\t\t\t<span class=\"elementor-button-content-wrapper\">\n\t\t\t\t\t\t\t\t\t<span class=\"elementor-button-text\">Fol me nj\u00eb ekspert<\/span>\n\t\t\t\t\t<\/span>\n\t\t\t\t\t<\/a>\n\t\t\t\t<\/div>\n\t\t\t\t\t\t\t\t<\/div>\n\t\t\t\t<\/div>\n\t\t\t\t<\/div>\n\t\t\t\t<\/div>\n\t\t\t\t<\/div>\n\t\t\t\t\t<\/div>\n\t\t\t\t<\/div>\n\t\t<div class=\"elementor-element elementor-element-51bf332 e-flex e-con-boxed e-con e-parent\" data-id=\"51bf332\" data-element_type=\"container\" data-e-type=\"container\">\n\t\t\t\t\t<div class=\"e-con-inner\">\n\t\t\t\t<div class=\"elementor-element elementor-element-c20b95b elementor-invisible elementor-widget elementor-widget-jkit_animated_text\" data-id=\"c20b95b\" data-element_type=\"widget\" data-e-type=\"widget\" data-settings=\"{&quot;_animation&quot;:&quot;fadeInUp&quot;}\" data-widget_type=\"jkit_animated_text.default\">\n\t\t\t\t<div class=\"elementor-widget-container\">\n\t\t\t\t\t<div  class=\"jeg-elementor-kit jkit-animated-text jeg_module__1_69f1cdf59816d\"  data-style=\"none\"><p class=\"animated-text\"><span class=\"normal-text style-gradient\">Service Benefits<\/span><span class=\"dynamic-wrapper style-gradient\"><span class=\"dynamic-text\"><\/span><\/span><span class=\"normal-text style-gradient\"> <\/span><\/p><\/div>\t\t\t\t<\/div>\n\t\t\t\t<\/div>\n\t\t\t\t<div class=\"elementor-element elementor-element-2693816 elementor-widget__width-initial elementor-widget-tablet__width-inherit elementor-widget elementor-widget-text-editor\" data-id=\"2693816\" data-element_type=\"widget\" data-e-type=\"widget\" data-widget_type=\"text-editor.default\">\n\t\t\t\t<div class=\"elementor-widget-container\">\n\t\t\t\t\t\t\t\t\t<p>P\u00ebrjetoni zgjidhje t\u00eb personalizuara q\u00eb sjellin rezultate reale \u2014 duke fuqizuar biznesin tuaj me ekspertiz\u00eb, efikasitet dhe vler\u00eb afatgjat\u00eb.<\/p>\t\t\t\t\t\t\t\t<\/div>\n\t\t\t\t<\/div>\n\t\t<div class=\"elementor-element elementor-element-056733c e-con-full e-flex e-con e-child\" data-id=\"056733c\" data-element_type=\"container\" data-e-type=\"container\">\n\t\t<div class=\"elementor-element elementor-element-4475aac e-con-full e-flex e-con e-child\" data-id=\"4475aac\" data-element_type=\"container\" data-e-type=\"container\">\n\t\t\t\t<div class=\"elementor-element elementor-element-d33eb52 elementor-widget elementor-widget-heading\" data-id=\"d33eb52\" data-element_type=\"widget\" data-e-type=\"widget\" data-widget_type=\"heading.default\">\n\t\t\t\t<div class=\"elementor-widget-container\">\n\t\t\t\t\t<h2 class=\"elementor-heading-title elementor-size-default\">Sh\u00ebrbimet tona t\u00eb konsulenc\u00ebs s\u00eb nd\u00ebrtimit<\/h2>\t\t\t\t<\/div>\n\t\t\t\t<\/div>\n\t\t\t\t<div class=\"elementor-element elementor-element-294dd97 elementor-widget elementor-widget-text-editor\" data-id=\"294dd97\" data-element_type=\"widget\" data-e-type=\"widget\" data-widget_type=\"text-editor.default\">\n\t\t\t\t<div class=\"elementor-widget-container\">\n\t\t\t\t\t\t\t\t\t<p>Planifikimi i Projektit &amp; Studimet e Fizibilitetit<br>Ne vler\u00ebsojm\u00eb q\u00ebndrueshm\u00ebrin\u00eb e projektit, afatet kohore dhe nevojat p\u00ebr burime, duke siguruar q\u00eb planet tuaja t\u00eb nd\u00ebrtimit t\u00eb jen\u00eb realiste dhe strategjikisht t\u00eb sh\u00ebndosha.<\/p>\t\t\t\t\t\t\t\t<\/div>\n\t\t\t\t<\/div>\n\t\t\t\t<\/div>\n\t\t<div class=\"elementor-element elementor-element-72c7711 e-con-full e-flex e-con e-child\" data-id=\"72c7711\" data-element_type=\"container\" data-e-type=\"container\">\n\t\t\t\t<div class=\"elementor-element elementor-element-bc66abc elementor-widget elementor-widget-heading\" data-id=\"bc66abc\" data-element_type=\"widget\" data-e-type=\"widget\" data-widget_type=\"heading.default\">\n\t\t\t\t<div class=\"elementor-widget-container\">\n\t\t\t\t\t<h2 class=\"elementor-heading-title elementor-size-default\">Vler\u00ebsimi i kostos &amp; menaxhimi i buxhetit<\/h2>\t\t\t\t<\/div>\n\t\t\t\t<\/div>\n\t\t\t\t<div class=\"elementor-element elementor-element-8ccf4e8 elementor-widget elementor-widget-text-editor\" data-id=\"8ccf4e8\" data-element_type=\"widget\" data-e-type=\"widget\" data-widget_type=\"text-editor.default\">\n\t\t\t\t<div class=\"elementor-widget-container\">\n\t\t\t\t\t\t\t\t\t<p>Sh\u00ebrbime t\u00eb sakta t\u00eb analiz\u00ebs s\u00eb kostos dhe kontrollit t\u00eb buxhetit p\u00ebr t&#8217;ju ndihmuar t\u00eb alokoni burimet n\u00eb m\u00ebnyr\u00eb efektive dhe t\u00eb shmangni surprizat financiare.<\/p>\t\t\t\t\t\t\t\t<\/div>\n\t\t\t\t<\/div>\n\t\t\t\t<\/div>\n\t\t<div class=\"elementor-element elementor-element-70ecc68 e-con-full e-flex e-con e-child\" data-id=\"70ecc68\" data-element_type=\"container\" data-e-type=\"container\">\n\t\t\t\t<div class=\"elementor-element elementor-element-eee0642 elementor-widget elementor-widget-heading\" data-id=\"eee0642\" data-element_type=\"widget\" data-e-type=\"widget\" data-widget_type=\"heading.default\">\n\t\t\t\t<div class=\"elementor-widget-container\">\n\t\t\t\t\t<h2 class=\"elementor-heading-title elementor-size-default\">P\u00ebrzgjedhja &amp; menaxhimi i kontraktor\u00ebve<\/h2>\t\t\t\t<\/div>\n\t\t\t\t<\/div>\n\t\t\t\t<div class=\"elementor-element elementor-element-c06caeb elementor-widget elementor-widget-text-editor\" data-id=\"c06caeb\" data-element_type=\"widget\" data-e-type=\"widget\" data-widget_type=\"text-editor.default\">\n\t\t\t\t<div class=\"elementor-widget-container\">\n\t\t\t\t\t\t\t\t\t<p>Mb\u00ebshtetje n\u00eb p\u00ebrzgjedhjen e kontraktor\u00ebve t\u00eb besuesh\u00ebm dhe menaxhimin e marr\u00ebdh\u00ebnieve me furnitor\u00ebt p\u00ebr t\u00eb siguruar llogaridh\u00ebnie dhe performanc\u00eb.<\/p>\t\t\t\t\t\t\t\t<\/div>\n\t\t\t\t<\/div>\n\t\t\t\t<\/div>\n\t\t\t\t<\/div>\n\t\t<div class=\"elementor-element elementor-element-509fe2f e-con-full e-flex e-con e-child\" data-id=\"509fe2f\" data-element_type=\"container\" data-e-type=\"container\">\n\t\t<div class=\"elementor-element elementor-element-1a798f1 e-con-full e-flex e-con e-child\" data-id=\"1a798f1\" data-element_type=\"container\" data-e-type=\"container\">\n\t\t\t\t<div class=\"elementor-element elementor-element-717a2a7 elementor-widget elementor-widget-heading\" data-id=\"717a2a7\" data-element_type=\"widget\" data-e-type=\"widget\" data-widget_type=\"heading.default\">\n\t\t\t\t<div class=\"elementor-widget-container\">\n\t\t\t\t\t<h2 class=\"elementor-heading-title elementor-size-default\">Vler\u00ebsimi i rrezikut &amp; pajtueshm\u00ebria<\/h2>\t\t\t\t<\/div>\n\t\t\t\t<\/div>\n\t\t\t\t<div class=\"elementor-element elementor-element-ad3a838 elementor-widget elementor-widget-text-editor\" data-id=\"ad3a838\" data-element_type=\"widget\" data-e-type=\"widget\" data-widget_type=\"text-editor.default\">\n\t\t\t\t<div class=\"elementor-widget-container\">\n\t\t\t\t\t\t\t\t\t<p>Identifikoni rreziqet potenciale dhe sigurohuni q\u00eb t\u00eb gjitha aspektet e projektit tuaj t\u00eb plot\u00ebsojn\u00eb standardet e siguris\u00eb, mjedisit dhe rregullatore.<\/p>\t\t\t\t\t\t\t\t<\/div>\n\t\t\t\t<\/div>\n\t\t\t\t<\/div>\n\t\t<div class=\"elementor-element elementor-element-dc7f1a0 e-con-full e-flex e-con e-child\" data-id=\"dc7f1a0\" data-element_type=\"container\" data-e-type=\"container\">\n\t\t\t\t<div class=\"elementor-element elementor-element-db89f5e elementor-widget elementor-widget-heading\" data-id=\"db89f5e\" data-element_type=\"widget\" data-e-type=\"widget\" data-widget_type=\"heading.default\">\n\t\t\t\t<div class=\"elementor-widget-container\">\n\t\t\t\t\t<h2 class=\"elementor-heading-title elementor-size-default\">Kontrolli i cil\u00ebsis\u00eb &amp; mbik\u00ebqyrja e vendit t\u00eb pun\u00ebs<\/h2>\t\t\t\t<\/div>\n\t\t\t\t<\/div>\n\t\t\t\t<div class=\"elementor-element elementor-element-f19d119 elementor-widget elementor-widget-text-editor\" data-id=\"f19d119\" data-element_type=\"widget\" data-e-type=\"widget\" data-widget_type=\"text-editor.default\">\n\t\t\t\t<div class=\"elementor-widget-container\">\n\t\t\t\t\t\t\t\t\t<p>Monitorim n\u00eb vend dhe sigurim cil\u00ebsie p\u00ebr t\u00eb ruajtur standarde t\u00eb larta nd\u00ebrtimi dhe p\u00ebr t\u00eb parandaluar gabime ose vonesa t\u00eb kushtueshme.<\/p>\t\t\t\t\t\t\t\t<\/div>\n\t\t\t\t<\/div>\n\t\t\t\t<\/div>\n\t\t<div class=\"elementor-element elementor-element-d61967f e-con-full e-flex e-con e-child\" data-id=\"d61967f\" data-element_type=\"container\" data-e-type=\"container\">\n\t\t\t\t<div class=\"elementor-element elementor-element-101cbe6 elementor-widget elementor-widget-heading\" data-id=\"101cbe6\" data-element_type=\"widget\" data-e-type=\"widget\" data-widget_type=\"heading.default\">\n\t\t\t\t<div class=\"elementor-widget-container\">\n\t\t\t\t\t<h2 class=\"elementor-heading-title elementor-size-default\">Q\u00ebndrueshm\u00ebria &amp; zgjidhje nd\u00ebrtimi t\u00eb gjelb\u00ebrta<\/h2>\t\t\t\t<\/div>\n\t\t\t\t<\/div>\n\t\t\t\t<div class=\"elementor-element elementor-element-f56f846 elementor-widget elementor-widget-text-editor\" data-id=\"f56f846\" data-element_type=\"widget\" data-e-type=\"widget\" data-widget_type=\"text-editor.default\">\n\t\t\t\t<div class=\"elementor-widget-container\">\n\t\t\t\t\t\t\t\t\t<p>Udh\u00ebzime mbi praktikat e nd\u00ebrtimit miq\u00ebsor ndaj mjedisit, dizajnet me efikasitet energjetik dhe zgjedhjet e materialeve t\u00eb q\u00ebndrueshme p\u00ebr nd\u00ebrtime moderne.<\/p>\t\t\t\t\t\t\t\t<\/div>\n\t\t\t\t<\/div>\n\t\t\t\t<\/div>\n\t\t\t\t<\/div>\n\t\t\t\t\t<\/div>\n\t\t\t\t<\/div>\n\t\t\t\t<\/div>\n\t\t","protected":false},"excerpt":{"rendered":"<p>Nd\u00ebrtojm\u00eb suksesin nga themelet N\u00eb Agjencin\u00eb Xoxa, sh\u00ebrbimet tona t\u00eb Konsulenc\u00ebs s\u00eb Nd\u00ebrtimit jan\u00eb krijuar p\u00ebr t\u00eb mb\u00ebshtetur projektet tuaja nga koncepti deri n\u00eb p\u00ebrfundim. Ne kombinojm\u00eb njohurit\u00eb teknike me planifikimin strategjik p\u00ebr t&#8217;ju ndihmuar t\u00eb menaxhoni kostot, t\u00eb zbusni rreziqet dhe t\u00eb siguroni cil\u00ebsin\u00eb n\u00eb \u00e7do faz\u00eb t\u00eb nd\u00ebrtimit. Pavar\u00ebsisht n\u00ebse po zhvilloni infrastruktur\u00eb [&hellip;]<\/p>\n","protected":false},"author":1,"featured_media":0,"parent":0,"menu_order":0,"comment_status":"closed","ping_status":"closed","template":"","meta":{"footnotes":""},"class_list":["post-1635","page","type-page","status-publish","hentry"],"_links":{"self":[{"href":"https:\/\/www.xoxa.agency\/sq\/wp-json\/wp\/v2\/pages\/1635","targetHints":{"allow":["GET"]}}],"collection":[{"href":"https:\/\/www.xoxa.agency\/sq\/wp-json\/wp\/v2\/pages"}],"about":[{"href":"https:\/\/www.xoxa.agency\/sq\/wp-json\/wp\/v2\/types\/page"}],"author":[{"embeddable":true,"href":"https:\/\/www.xoxa.agency\/sq\/wp-json\/wp\/v2\/users\/1"}],"replies":[{"embeddable":true,"href":"https:\/\/www.xoxa.agency\/sq\/wp-json\/wp\/v2\/comments?post=1635"}],"version-history":[{"count":2,"href":"https:\/\/www.xoxa.agency\/sq\/wp-json\/wp\/v2\/pages\/1635\/revisions"}],"predecessor-version":[{"id":1770,"href":"https:\/\/www.xoxa.agency\/sq\/wp-json\/wp\/v2\/pages\/1635\/revisions\/1770"}],"wp:attachment":[{"href":"https:\/\/www.xoxa.agency\/sq\/wp-json\/wp\/v2\/media?parent=1635"}],"curies":[{"name":"wp","href":"https:\/\/api.w.org\/{rel}","templated":true}]}}