{"id":1595,"date":"2025-04-23T12:49:56","date_gmt":"2025-04-23T12:49:56","guid":{"rendered":"https:\/\/www.xoxa.agency\/konsulence-financiare\/"},"modified":"2025-11-17T18:12:04","modified_gmt":"2025-11-17T18:12:04","slug":"konsulence-financiare","status":"publish","type":"page","link":"https:\/\/www.xoxa.agency\/sq\/konsulence-financiare\/","title":{"rendered":"Konsulenc\u00eb Financiare"},"content":{"rendered":"\t\t<div data-elementor-type=\"wp-page\" data-elementor-id=\"1595\" class=\"elementor elementor-1595 elementor-1284\" data-elementor-post-type=\"page\">\n\t\t\t\t<div class=\"elementor-element elementor-element-d6df37b e-flex e-con-boxed e-con e-parent\" data-id=\"d6df37b\" data-element_type=\"container\" data-e-type=\"container\" data-settings=\"{&quot;background_background&quot;:&quot;gradient&quot;}\">\n\t\t\t\t\t<div class=\"e-con-inner\">\n\t\t\t\t<div class=\"elementor-element elementor-element-f088886 elementor-invisible elementor-widget elementor-widget-jkit_animated_text\" data-id=\"f088886\" data-element_type=\"widget\" data-e-type=\"widget\" data-settings=\"{&quot;_animation&quot;:&quot;fadeInUp&quot;}\" data-widget_type=\"jkit_animated_text.default\">\n\t\t\t\t<div class=\"elementor-widget-container\">\n\t\t\t\t\t<div  class=\"jeg-elementor-kit jkit-animated-text jeg_module___69f1c9c78f974\"  data-style=\"none\"><p class=\"animated-text\"><span class=\"normal-text style-gradient\"><\/span><span class=\"dynamic-wrapper style-gradient\"><span class=\"dynamic-text\"><\/span><\/span><span class=\"normal-text style-gradient\"> <\/span><\/p><\/div>\t\t\t\t<\/div>\n\t\t\t\t<\/div>\n\t\t\t\t\t<\/div>\n\t\t\t\t<\/div>\n\t\t<div class=\"elementor-element elementor-element-316d435 e-flex e-con-boxed e-con e-parent\" data-id=\"316d435\" data-element_type=\"container\" data-e-type=\"container\" data-settings=\"{&quot;background_background&quot;:&quot;gradient&quot;}\">\n\t\t\t\t\t<div class=\"e-con-inner\">\n\t\t<div class=\"elementor-element elementor-element-64795e9 e-con-full e-flex e-con e-child\" data-id=\"64795e9\" data-element_type=\"container\" data-e-type=\"container\">\n\t\t<div class=\"elementor-element elementor-element-2b17b4f e-con-full e-flex e-con e-child\" data-id=\"2b17b4f\" data-element_type=\"container\" data-e-type=\"container\">\n\t\t\t\t<div class=\"elementor-element elementor-element-84f2979 elementor-widget elementor-widget-heading\" data-id=\"84f2979\" data-element_type=\"widget\" data-e-type=\"widget\" data-widget_type=\"heading.default\">\n\t\t\t\t<div class=\"elementor-widget-container\">\n\t\t\t\t\t<h2 class=\"elementor-heading-title elementor-size-default\">Konsulenc\u00eb FinanciareFinancial Clarity that Fuels Growth<\/h2>\t\t\t\t<\/div>\n\t\t\t\t<\/div>\n\t\t\t\t<div class=\"elementor-element elementor-element-6c75d18 elementor-widget elementor-widget-text-editor\" data-id=\"6c75d18\" data-element_type=\"widget\" data-e-type=\"widget\" data-widget_type=\"text-editor.default\">\n\t\t\t\t<div class=\"elementor-widget-container\">\n\t\t\t\t\t\t\t\t\t<p>N\u00eb Xoxa Agency, ne ofrojm\u00eb konsulenc\u00eb financiare strategjike p\u00ebr t\u2019ju ndihmuar t\u00eb merrni vendime t\u00eb informuara, t\u00eb optimizoni burimet dhe t\u00eb rrisni fitimprur\u00ebsin\u00eb. Ekipi yn\u00eb punon ngusht\u00eb me ju p\u00ebr t\u00eb kuptuar peizazhin tuaj financiar, duke ofruar zgjidhje t\u00eb personalizuara q\u00eb mb\u00ebshtesin rritjen e q\u00ebndrueshme, menaxhimin e rreziqeve dhe krijimin e vler\u00ebs afatgjat\u00eb. Qoft\u00eb nga planifikimi financiar deri te p\u00ebrputhja me rregulloret, ne sigurojm\u00eb q\u00eb biznesi juaj t\u00eb jet\u00eb i p\u00ebrgatitur p\u00ebr t\u00eb lul\u00ebzuar n\u00eb nj\u00eb mjedis ekonomik dinamik.  <\/p>\t\t\t\t\t\t\t\t<\/div>\n\t\t\t\t<\/div>\n\t\t\t\t<\/div>\n\t\t<div class=\"elementor-element elementor-element-7ee1252 e-con-full e-flex e-con e-child\" data-id=\"7ee1252\" data-element_type=\"container\" data-e-type=\"container\">\n\t\t<div class=\"elementor-element elementor-element-57d3548 e-con-full e-flex e-con e-child\" data-id=\"57d3548\" data-element_type=\"container\" data-e-type=\"container\">\n\t\t\t\t<div class=\"elementor-element elementor-element-ac053b0 elementor-widget elementor-widget-heading\" data-id=\"ac053b0\" data-element_type=\"widget\" data-e-type=\"widget\" data-widget_type=\"heading.default\">\n\t\t\t\t<div class=\"elementor-widget-container\">\n\t\t\t\t\t<h2 class=\"elementor-heading-title elementor-size-default\">Gati p\u00ebr t\u00eb Transformuar Prezenc\u00ebn Tuaj Digjitale?<\/h2>\t\t\t\t<\/div>\n\t\t\t\t<\/div>\n\t\t\t\t<div class=\"elementor-element elementor-element-dc13924 elementor-align-center elementor-widget elementor-widget-button\" data-id=\"dc13924\" data-element_type=\"widget\" data-e-type=\"widget\" data-widget_type=\"button.default\">\n\t\t\t\t<div class=\"elementor-widget-container\">\n\t\t\t\t\t\t\t\t\t<div class=\"elementor-button-wrapper\">\n\t\t\t\t\t<a class=\"elementor-button elementor-button-link elementor-size-sm\" href=\"https:\/\/www.xoxa.agency\/sq\/kontakt\/\">\n\t\t\t\t\t\t<span class=\"elementor-button-content-wrapper\">\n\t\t\t\t\t\t\t\t\t<span class=\"elementor-button-text\">Fol me nj\u00eb ekspert<\/span>\n\t\t\t\t\t<\/span>\n\t\t\t\t\t<\/a>\n\t\t\t\t<\/div>\n\t\t\t\t\t\t\t\t<\/div>\n\t\t\t\t<\/div>\n\t\t\t\t<\/div>\n\t\t\t\t<\/div>\n\t\t\t\t<\/div>\n\t\t\t\t\t<\/div>\n\t\t\t\t<\/div>\n\t\t<div class=\"elementor-element elementor-element-571d333 e-flex e-con-boxed e-con e-parent\" data-id=\"571d333\" data-element_type=\"container\" data-e-type=\"container\">\n\t\t\t\t\t<div class=\"e-con-inner\">\n\t\t\t\t<div class=\"elementor-element elementor-element-1bea952 elementor-invisible elementor-widget elementor-widget-jkit_animated_text\" data-id=\"1bea952\" data-element_type=\"widget\" data-e-type=\"widget\" data-settings=\"{&quot;_animation&quot;:&quot;fadeInUp&quot;}\" data-widget_type=\"jkit_animated_text.default\">\n\t\t\t\t<div class=\"elementor-widget-container\">\n\t\t\t\t\t<div  class=\"jeg-elementor-kit jkit-animated-text jeg_module__1_69f1c9c791052\"  data-style=\"none\"><p class=\"animated-text\"><span class=\"normal-text style-gradient\">Service Benefits<\/span><span class=\"dynamic-wrapper style-gradient\"><span class=\"dynamic-text\"><\/span><\/span><span class=\"normal-text style-gradient\"> <\/span><\/p><\/div>\t\t\t\t<\/div>\n\t\t\t\t<\/div>\n\t\t\t\t<div class=\"elementor-element elementor-element-6e3c3e4 elementor-widget__width-initial elementor-widget-tablet__width-inherit elementor-widget elementor-widget-text-editor\" data-id=\"6e3c3e4\" data-element_type=\"widget\" data-e-type=\"widget\" data-widget_type=\"text-editor.default\">\n\t\t\t\t<div class=\"elementor-widget-container\">\n\t\t\t\t\t\t\t\t\t<p>P\u00ebrjetoni zgjidhje t\u00eb personalizuara q\u00eb sjellin rezultate reale \u2014 duke fuqizuar biznesin tuaj me ekspertiz\u00eb, efikasitet dhe vler\u00eb afatgjat\u00eb.<\/p>\t\t\t\t\t\t\t\t<\/div>\n\t\t\t\t<\/div>\n\t\t<div class=\"elementor-element elementor-element-e027292 e-con-full e-flex e-con e-child\" data-id=\"e027292\" data-element_type=\"container\" data-e-type=\"container\">\n\t\t<div class=\"elementor-element elementor-element-052e251 e-con-full e-flex e-con e-child\" data-id=\"052e251\" data-element_type=\"container\" data-e-type=\"container\">\n\t\t\t\t<div class=\"elementor-element elementor-element-1ec0d9f elementor-widget elementor-widget-heading\" data-id=\"1ec0d9f\" data-element_type=\"widget\" data-e-type=\"widget\" data-widget_type=\"heading.default\">\n\t\t\t\t<div class=\"elementor-widget-container\">\n\t\t\t\t\t<h2 class=\"elementor-heading-title elementor-size-default\">Sh\u00ebrbimet tona t\u00eb Konsulenc\u00ebs Financiare<\/h2>\t\t\t\t<\/div>\n\t\t\t\t<\/div>\n\t\t\t\t<div class=\"elementor-element elementor-element-2b04bc6 elementor-widget elementor-widget-text-editor\" data-id=\"2b04bc6\" data-element_type=\"widget\" data-e-type=\"widget\" data-widget_type=\"text-editor.default\">\n\t\t\t\t<div class=\"elementor-widget-container\">\n\t\t\t\t\t\t\t\t\t<p>Planifikimi &amp; Analiza Financiare<br>Ne krijojm\u00eb strategji financiare t\u00eb detajuara, parashikime dhe analiza t\u00eb performanc\u00ebs p\u00ebr t\u00eb mb\u00ebshtetur marrjen e vendimeve dhe iniciativat e rritjes.<\/p>\t\t\t\t\t\t\t\t<\/div>\n\t\t\t\t<\/div>\n\t\t\t\t<\/div>\n\t\t<div class=\"elementor-element elementor-element-8428dd6 e-con-full e-flex e-con e-child\" data-id=\"8428dd6\" data-element_type=\"container\" data-e-type=\"container\">\n\t\t\t\t<div class=\"elementor-element elementor-element-36cb6f3 elementor-widget elementor-widget-heading\" data-id=\"36cb6f3\" data-element_type=\"widget\" data-e-type=\"widget\" data-widget_type=\"heading.default\">\n\t\t\t\t<div class=\"elementor-widget-container\">\n\t\t\t\t\t<h2 class=\"elementor-heading-title elementor-size-default\">Buxhetimi &amp; Optimizimi i Kostove\n<\/h2>\t\t\t\t<\/div>\n\t\t\t\t<\/div>\n\t\t\t\t<div class=\"elementor-element elementor-element-9039364 elementor-widget elementor-widget-text-editor\" data-id=\"9039364\" data-element_type=\"widget\" data-e-type=\"widget\" data-widget_type=\"text-editor.default\">\n\t\t\t\t<div class=\"elementor-widget-container\">\n\t\t\t\t\t\t\t\t\t<p>P\u00ebrmir\u00ebsoni efikasitetin dhe fitimprur\u00ebsin\u00eb me buxhetim t\u00eb strukturuar, ndjekje t\u00eb shpenzimeve dhe strategji p\u00ebr reduktimin e kostove.<\/p>\t\t\t\t\t\t\t\t<\/div>\n\t\t\t\t<\/div>\n\t\t\t\t<\/div>\n\t\t<div class=\"elementor-element elementor-element-ce80e2d e-con-full e-flex e-con e-child\" data-id=\"ce80e2d\" data-element_type=\"container\" data-e-type=\"container\">\n\t\t\t\t<div class=\"elementor-element elementor-element-063cecb elementor-widget elementor-widget-heading\" data-id=\"063cecb\" data-element_type=\"widget\" data-e-type=\"widget\" data-widget_type=\"heading.default\">\n\t\t\t\t<div class=\"elementor-widget-container\">\n\t\t\t\t\t<h2 class=\"elementor-heading-title elementor-size-default\">K\u00ebshillim p\u00ebr Investime &amp; Strukturimi i Kapitalit<\/h2>\t\t\t\t<\/div>\n\t\t\t\t<\/div>\n\t\t\t\t<div class=\"elementor-element elementor-element-0e74478 elementor-widget elementor-widget-text-editor\" data-id=\"0e74478\" data-element_type=\"widget\" data-e-type=\"widget\" data-widget_type=\"text-editor.default\">\n\t\t\t\t<div class=\"elementor-widget-container\">\n\t\t\t\t\t\t\t\t\t<p>Udh\u00ebzime mbi investimet, opsionet e financimit dhe strukturimin e kapitalit p\u00ebr t\u00eb siguruar kthime maksimale dhe stabilitet financiar.<\/p>\t\t\t\t\t\t\t\t<\/div>\n\t\t\t\t<\/div>\n\t\t\t\t<\/div>\n\t\t\t\t<\/div>\n\t\t<div class=\"elementor-element elementor-element-eb45dbc e-con-full e-flex e-con e-child\" data-id=\"eb45dbc\" data-element_type=\"container\" data-e-type=\"container\">\n\t\t<div class=\"elementor-element elementor-element-af57f69 e-con-full e-flex e-con e-child\" data-id=\"af57f69\" data-element_type=\"container\" data-e-type=\"container\">\n\t\t\t\t<div class=\"elementor-element elementor-element-c5da410 elementor-widget elementor-widget-heading\" data-id=\"c5da410\" data-element_type=\"widget\" data-e-type=\"widget\" data-widget_type=\"heading.default\">\n\t\t\t\t<div class=\"elementor-widget-container\">\n\t\t\t\t\t<h2 class=\"elementor-heading-title elementor-size-default\">Strategjia Tatimore &amp; P\u00ebrputhshm\u00ebria me Ligjet Tatimore<\/h2>\t\t\t\t<\/div>\n\t\t\t\t<\/div>\n\t\t\t\t<div class=\"elementor-element elementor-element-10d2e4f elementor-widget elementor-widget-text-editor\" data-id=\"10d2e4f\" data-element_type=\"widget\" data-e-type=\"widget\" data-widget_type=\"text-editor.default\">\n\t\t\t\t<div class=\"elementor-widget-container\">\n\t\t\t\t\t\t\t\t\t<p>Planifikim tatimor proaktiv dhe mb\u00ebshtetje p\u00ebr p\u00ebrputhshm\u00ebrin\u00eb me ligjet, p\u00ebr t\u00eb minimizuar detyrimet dhe p\u00ebr t\u2019u p\u00ebrshtatur me rregulloret tatimore n\u00eb zhvillim.<\/p>\t\t\t\t\t\t\t\t<\/div>\n\t\t\t\t<\/div>\n\t\t\t\t<\/div>\n\t\t<div class=\"elementor-element elementor-element-fdb7265 e-con-full e-flex e-con e-child\" data-id=\"fdb7265\" data-element_type=\"container\" data-e-type=\"container\">\n\t\t\t\t<div class=\"elementor-element elementor-element-0bbad5c elementor-widget elementor-widget-heading\" data-id=\"0bbad5c\" data-element_type=\"widget\" data-e-type=\"widget\" data-widget_type=\"heading.default\">\n\t\t\t\t<div class=\"elementor-widget-container\">\n\t\t\t\t\t<h2 class=\"elementor-heading-title elementor-size-default\">Mb\u00ebshtetje p\u00ebr Bashkime &amp; Marrje Biznesesh<\/h2>\t\t\t\t<\/div>\n\t\t\t\t<\/div>\n\t\t\t\t<div class=\"elementor-element elementor-element-9a3bfcd elementor-widget elementor-widget-text-editor\" data-id=\"9a3bfcd\" data-element_type=\"widget\" data-e-type=\"widget\" data-widget_type=\"text-editor.default\">\n\t\t\t\t<div class=\"elementor-widget-container\">\n\t\t\t\t\t\t\t\t\t<p>Qoft\u00eb nga vler\u00ebsimi deri te negociatat, ne ofrojm\u00eb ekspertiz\u00eb financiare gjat\u00eb bashkimeve, marr\u00ebveshjeve t\u00eb blerjes dhe partneriteteve strategjike.<\/p>\t\t\t\t\t\t\t\t<\/div>\n\t\t\t\t<\/div>\n\t\t\t\t<\/div>\n\t\t<div class=\"elementor-element elementor-element-0ad3b73 e-con-full e-flex e-con e-child\" data-id=\"0ad3b73\" data-element_type=\"container\" data-e-type=\"container\">\n\t\t\t\t<div class=\"elementor-element elementor-element-f5b35cf elementor-widget elementor-widget-heading\" data-id=\"f5b35cf\" data-element_type=\"widget\" data-e-type=\"widget\" data-widget_type=\"heading.default\">\n\t\t\t\t<div class=\"elementor-widget-container\">\n\t\t\t\t\t<h2 class=\"elementor-heading-title elementor-size-default\">Menaxhimi i Rreziqeve &amp; Kontrolli Financiar<\/h2>\t\t\t\t<\/div>\n\t\t\t\t<\/div>\n\t\t\t\t<div class=\"elementor-element elementor-element-2528f2d elementor-widget elementor-widget-text-editor\" data-id=\"2528f2d\" data-element_type=\"widget\" data-e-type=\"widget\" data-widget_type=\"text-editor.default\">\n\t\t\t\t<div class=\"elementor-widget-container\">\n\t\t\t\t\t\t\t\t\t<p>Identifikoni rreziqet financiare dhe zbatoni sisteme kontrolli p\u00ebr t\u00eb mbrojtur asetet tuaja dhe p\u00ebr t\u00eb ruajtur p\u00ebrgjegj\u00ebsin\u00eb fiskale.<\/p>\t\t\t\t\t\t\t\t<\/div>\n\t\t\t\t<\/div>\n\t\t\t\t<\/div>\n\t\t\t\t<\/div>\n\t\t\t\t\t<\/div>\n\t\t\t\t<\/div>\n\t\t\t\t<\/div>\n\t\t","protected":false},"excerpt":{"rendered":"<p>Konsulenc\u00eb FinanciareFinancial Clarity that Fuels Growth N\u00eb Xoxa Agency, ne ofrojm\u00eb konsulenc\u00eb financiare strategjike p\u00ebr t\u2019ju ndihmuar t\u00eb merrni vendime t\u00eb informuara, t\u00eb optimizoni burimet dhe t\u00eb rrisni fitimprur\u00ebsin\u00eb. Ekipi yn\u00eb punon ngusht\u00eb me ju p\u00ebr t\u00eb kuptuar peizazhin tuaj financiar, duke ofruar zgjidhje t\u00eb personalizuara q\u00eb mb\u00ebshtesin rritjen e q\u00ebndrueshme, menaxhimin e rreziqeve dhe [&hellip;]<\/p>\n","protected":false},"author":1,"featured_media":0,"parent":0,"menu_order":0,"comment_status":"closed","ping_status":"closed","template":"","meta":{"footnotes":""},"class_list":["post-1595","page","type-page","status-publish","hentry"],"_links":{"self":[{"href":"https:\/\/www.xoxa.agency\/sq\/wp-json\/wp\/v2\/pages\/1595","targetHints":{"allow":["GET"]}}],"collection":[{"href":"https:\/\/www.xoxa.agency\/sq\/wp-json\/wp\/v2\/pages"}],"about":[{"href":"https:\/\/www.xoxa.agency\/sq\/wp-json\/wp\/v2\/types\/page"}],"author":[{"embeddable":true,"href":"https:\/\/www.xoxa.agency\/sq\/wp-json\/wp\/v2\/users\/1"}],"replies":[{"embeddable":true,"href":"https:\/\/www.xoxa.agency\/sq\/wp-json\/wp\/v2\/comments?post=1595"}],"version-history":[{"count":2,"href":"https:\/\/www.xoxa.agency\/sq\/wp-json\/wp\/v2\/pages\/1595\/revisions"}],"predecessor-version":[{"id":1775,"href":"https:\/\/www.xoxa.agency\/sq\/wp-json\/wp\/v2\/pages\/1595\/revisions\/1775"}],"wp:attachment":[{"href":"https:\/\/www.xoxa.agency\/sq\/wp-json\/wp\/v2\/media?parent=1595"}],"curies":[{"name":"wp","href":"https:\/\/api.w.org\/{rel}","templated":true}]}}