{"id":1587,"date":"2025-11-11T10:52:42","date_gmt":"2025-11-11T10:52:42","guid":{"rendered":"https:\/\/www.xoxa.agency\/pasuri-te-paluajtshme\/"},"modified":"2025-11-17T18:12:09","modified_gmt":"2025-11-17T18:12:09","slug":"pasuri-te-paluajtshme","status":"publish","type":"page","link":"https:\/\/www.xoxa.agency\/sq\/pasuri-te-paluajtshme\/","title":{"rendered":"Pasuri t\u00eb Paluajtshme"},"content":{"rendered":"\t\t<div data-elementor-type=\"wp-page\" data-elementor-id=\"1587\" class=\"elementor elementor-1587 elementor-1488\" data-elementor-post-type=\"page\">\n\t\t\t\t<div class=\"elementor-element elementor-element-07dab85 e-flex e-con-boxed e-con e-parent\" data-id=\"07dab85\" data-element_type=\"container\" data-e-type=\"container\" data-settings=\"{&quot;background_background&quot;:&quot;gradient&quot;}\">\n\t\t\t\t\t<div class=\"e-con-inner\">\n\t\t\t\t<div class=\"elementor-element elementor-element-7ad3e18 elementor-invisible elementor-widget elementor-widget-jkit_animated_text\" data-id=\"7ad3e18\" data-element_type=\"widget\" data-e-type=\"widget\" data-settings=\"{&quot;_animation&quot;:&quot;fadeInUp&quot;}\" data-widget_type=\"jkit_animated_text.default\">\n\t\t\t\t<div class=\"elementor-widget-container\">\n\t\t\t\t\t<div  class=\"jeg-elementor-kit jkit-animated-text jeg_module___69f1dd977ff4a\"  data-style=\"none\"><p class=\"animated-text\"><span class=\"normal-text style-gradient\"><\/span><span class=\"dynamic-wrapper style-gradient\"><span class=\"dynamic-text\"><\/span><\/span><span class=\"normal-text style-gradient\"> <\/span><\/p><\/div>\t\t\t\t<\/div>\n\t\t\t\t<\/div>\n\t\t\t\t\t<\/div>\n\t\t\t\t<\/div>\n\t\t<div class=\"elementor-element elementor-element-24d8bc2 e-flex e-con-boxed e-con e-parent\" data-id=\"24d8bc2\" data-element_type=\"container\" data-e-type=\"container\" data-settings=\"{&quot;background_background&quot;:&quot;gradient&quot;}\">\n\t\t\t\t\t<div class=\"e-con-inner\">\n\t\t<div class=\"elementor-element elementor-element-a8d79ac e-con-full e-flex e-con e-child\" data-id=\"a8d79ac\" data-element_type=\"container\" data-e-type=\"container\">\n\t\t<div class=\"elementor-element elementor-element-45922d9 e-con-full e-flex e-con e-child\" data-id=\"45922d9\" data-element_type=\"container\" data-e-type=\"container\">\n\t\t\t\t<div class=\"elementor-element elementor-element-0aed4bc elementor-widget elementor-widget-heading\" data-id=\"0aed4bc\" data-element_type=\"widget\" data-e-type=\"widget\" data-widget_type=\"heading.default\">\n\t\t\t\t<div class=\"elementor-widget-container\">\n\t\t\t\t\t<h2 class=\"elementor-heading-title elementor-size-default\">Zgjidhje Luksioze t\u00eb Pasurive t\u00eb Paluajtshme t\u00eb Nd\u00ebrtuara mbi Ekspertiz\u00eb dhe Besim<\/h2>\t\t\t\t<\/div>\n\t\t\t\t<\/div>\n\t\t\t\t<div class=\"elementor-element elementor-element-930997b elementor-widget elementor-widget-text-editor\" data-id=\"930997b\" data-element_type=\"widget\" data-e-type=\"widget\" data-widget_type=\"text-editor.default\">\n\t\t\t\t<div class=\"elementor-widget-container\">\n\t\t\t\t\t\t\t\t\t<p>N\u00eb Agjencin\u00eb Xoxa, ne mb\u00ebshtesim investime me vler\u00eb t\u00eb lart\u00eb n\u00eb pasuri t\u00eb paluajtshme n\u00eb Shqip\u00ebri dhe n\u00eb t\u00eb gjith\u00eb rajonin me udh\u00ebzim strategjik, diligenc\u00eb t\u00eb duhur dhe mbik\u00ebqyrje t\u00eb plot\u00eb t\u00eb projektit. Pavar\u00ebsisht n\u00ebse po blini, zhvilloni ose menaxhoni asete pronash, ekipi yn\u00eb ofron ekspertiz\u00ebn teknike, ligjore dhe financiare t\u00eb nevojshme p\u00ebr t\u00eb siguruar vler\u00eb afatgjat\u00eb. Nga vler\u00ebsimi dhe planifikimi te p\u00ebrputhshm\u00ebria dhe menaxhimi i portofolit, ne sigurojm\u00eb q\u00eb \u00e7do hap t\u00eb trajtohet me precizion dhe diskrecion absolut.  <\/p>\t\t\t\t\t\t\t\t<\/div>\n\t\t\t\t<\/div>\n\t\t\t\t<\/div>\n\t\t<div class=\"elementor-element elementor-element-adb7d66 e-con-full e-flex e-con e-child\" data-id=\"adb7d66\" data-element_type=\"container\" data-e-type=\"container\">\n\t\t<div class=\"elementor-element elementor-element-c306ddf e-con-full e-flex e-con e-child\" data-id=\"c306ddf\" data-element_type=\"container\" data-e-type=\"container\">\n\t\t\t\t<div class=\"elementor-element elementor-element-76be5c3 elementor-widget elementor-widget-heading\" data-id=\"76be5c3\" data-element_type=\"widget\" data-e-type=\"widget\" data-widget_type=\"heading.default\">\n\t\t\t\t<div class=\"elementor-widget-container\">\n\t\t\t\t\t<h2 class=\"elementor-heading-title elementor-size-default\">Jeni gati t\u00eb \u00e7oni n\u00eb nj\u00eb nivel m\u00eb t\u00eb lart\u00eb strategjin\u00eb tuaj t\u00eb pasurive t\u00eb paluajtshme?\n<\/h2>\t\t\t\t<\/div>\n\t\t\t\t<\/div>\n\t\t\t\t<div class=\"elementor-element elementor-element-6c2271b elementor-align-center elementor-widget elementor-widget-button\" data-id=\"6c2271b\" data-element_type=\"widget\" data-e-type=\"widget\" data-widget_type=\"button.default\">\n\t\t\t\t<div class=\"elementor-widget-container\">\n\t\t\t\t\t\t\t\t\t<div class=\"elementor-button-wrapper\">\n\t\t\t\t\t<a class=\"elementor-button elementor-button-link elementor-size-sm\" href=\"https:\/\/www.xoxa.agency\/sq\/kontakt\/\">\n\t\t\t\t\t\t<span class=\"elementor-button-content-wrapper\">\n\t\t\t\t\t\t\t\t\t<span class=\"elementor-button-text\">Fol me nj\u00eb ekspert<\/span>\n\t\t\t\t\t<\/span>\n\t\t\t\t\t<\/a>\n\t\t\t\t<\/div>\n\t\t\t\t\t\t\t\t<\/div>\n\t\t\t\t<\/div>\n\t\t\t\t<\/div>\n\t\t\t\t<\/div>\n\t\t\t\t<\/div>\n\t\t\t\t\t<\/div>\n\t\t\t\t<\/div>\n\t\t<div class=\"elementor-element elementor-element-8ae968e e-flex e-con-boxed e-con e-parent\" data-id=\"8ae968e\" data-element_type=\"container\" data-e-type=\"container\">\n\t\t\t\t\t<div class=\"e-con-inner\">\n\t\t\t\t<div class=\"elementor-element elementor-element-10568e1 elementor-invisible elementor-widget elementor-widget-jkit_animated_text\" data-id=\"10568e1\" data-element_type=\"widget\" data-e-type=\"widget\" data-settings=\"{&quot;_animation&quot;:&quot;fadeInUp&quot;}\" data-widget_type=\"jkit_animated_text.default\">\n\t\t\t\t<div class=\"elementor-widget-container\">\n\t\t\t\t\t<div  class=\"jeg-elementor-kit jkit-animated-text jeg_module__1_69f1dd978320e\"  data-style=\"none\"><p class=\"animated-text\"><span class=\"normal-text style-gradient\">Our Real Estate Consulting Services<\/span><span class=\"dynamic-wrapper style-gradient\"><span class=\"dynamic-text\"><\/span><\/span><span class=\"normal-text style-gradient\"> <\/span><\/p><\/div>\t\t\t\t<\/div>\n\t\t\t\t<\/div>\n\t\t\t\t<div class=\"elementor-element elementor-element-a82ede6 elementor-widget__width-initial elementor-widget-tablet__width-inherit elementor-widget elementor-widget-text-editor\" data-id=\"a82ede6\" data-element_type=\"widget\" data-e-type=\"widget\" data-widget_type=\"text-editor.default\">\n\t\t\t\t<div class=\"elementor-widget-container\">\n\t\t\t\t\t\t\t\t\t<p>P\u00ebrjetoni zgjidhje t\u00eb personalizuara q\u00eb sjellin rezultate reale \u2014 duke fuqizuar biznesin tuaj me ekspertiz\u00eb, efikasitet dhe vler\u00eb afatgjat\u00eb.<\/p>\t\t\t\t\t\t\t\t<\/div>\n\t\t\t\t<\/div>\n\t\t<div class=\"elementor-element elementor-element-19fcc14 e-con-full e-flex e-con e-child\" data-id=\"19fcc14\" data-element_type=\"container\" data-e-type=\"container\">\n\t\t<div class=\"elementor-element elementor-element-1bd9555 e-con-full e-flex e-con e-child\" data-id=\"1bd9555\" data-element_type=\"container\" data-e-type=\"container\">\n\t\t\t\t<div class=\"elementor-element elementor-element-6b59e0d elementor-widget elementor-widget-heading\" data-id=\"6b59e0d\" data-element_type=\"widget\" data-e-type=\"widget\" data-widget_type=\"heading.default\">\n\t\t\t\t<div class=\"elementor-widget-container\">\n\t\t\t\t\t<h2 class=\"elementor-heading-title elementor-size-default\">Vler\u00ebsim &amp; Analiz\u00eb Tregu\n<\/h2>\t\t\t\t<\/div>\n\t\t\t\t<\/div>\n\t\t\t\t<div class=\"elementor-element elementor-element-ba06219 elementor-widget elementor-widget-text-editor\" data-id=\"ba06219\" data-element_type=\"widget\" data-e-type=\"widget\" data-widget_type=\"text-editor.default\">\n\t\t\t\t<div class=\"elementor-widget-container\">\n\t\t\t\t\t\t\t\t\t<p data-start=\"1257\" data-end=\"1446\">Ne ofrojm\u00eb vler\u00ebsime t\u00eb sakta t\u00eb pronave t\u00eb mb\u00ebshtetura nga t\u00eb dh\u00ebna, t\u00eb mb\u00ebshtetura nga njohuri aktuale t\u00eb tregut, vler\u00ebsime fizibiliteti dhe parashikim i performanc\u00ebs s\u00eb investimit.<\/p><p data-start=\"1448\" data-end=\"1618\"> <\/p>\t\t\t\t\t\t\t\t<\/div>\n\t\t\t\t<\/div>\n\t\t\t\t<\/div>\n\t\t<div class=\"elementor-element elementor-element-331045c e-con-full e-flex e-con e-child\" data-id=\"331045c\" data-element_type=\"container\" data-e-type=\"container\">\n\t\t\t\t<div class=\"elementor-element elementor-element-5305ddb elementor-widget elementor-widget-heading\" data-id=\"5305ddb\" data-element_type=\"widget\" data-e-type=\"widget\" data-widget_type=\"heading.default\">\n\t\t\t\t<div class=\"elementor-widget-container\">\n\t\t\t\t\t<h2 class=\"elementor-heading-title elementor-size-default\">Planifikim &amp; Strategji Zhvillimi<\/h2>\t\t\t\t<\/div>\n\t\t\t\t<\/div>\n\t\t\t\t<div class=\"elementor-element elementor-element-e982191 elementor-widget elementor-widget-text-editor\" data-id=\"e982191\" data-element_type=\"widget\" data-e-type=\"widget\" data-widget_type=\"text-editor.default\">\n\t\t\t\t<div class=\"elementor-widget-container\">\n\t\t\t\t\t\t\t\t\t\nNga koncepti te ekzekutimi, ne ndihmojm\u00eb n\u00eb planifikimin e p\u00ebrdorimit t\u00eb tok\u00ebs, strukturimin e projektit, harmonizimin arkitektonik dhe p\u00ebrgatitjen rregullatore.\t\t\t\t\t\t\t\t<\/div>\n\t\t\t\t<\/div>\n\t\t\t\t<\/div>\n\t\t<div class=\"elementor-element elementor-element-1f88a14 e-con-full e-flex e-con e-child\" data-id=\"1f88a14\" data-element_type=\"container\" data-e-type=\"container\">\n\t\t\t\t<div class=\"elementor-element elementor-element-cdbcc87 elementor-widget elementor-widget-heading\" data-id=\"cdbcc87\" data-element_type=\"widget\" data-e-type=\"widget\" data-widget_type=\"heading.default\">\n\t\t\t\t<div class=\"elementor-widget-container\">\n\t\t\t\t\t<h2 class=\"elementor-heading-title elementor-size-default\">Menaxhimi i Aseteve &amp; Optimizimi i Portofolit\n<\/h2>\t\t\t\t<\/div>\n\t\t\t\t<\/div>\n\t\t\t\t<div class=\"elementor-element elementor-element-00d5afa elementor-widget elementor-widget-text-editor\" data-id=\"00d5afa\" data-element_type=\"widget\" data-e-type=\"widget\" data-widget_type=\"text-editor.default\">\n\t\t\t\t<div class=\"elementor-widget-container\">\n\t\t\t\t\t\t\t\t\t<p data-start=\"1620\" data-end=\"1794\">Mbik\u00ebqyrje gjith\u00ebp\u00ebrfshir\u00ebse e aseteve t\u00eb pasurive t\u00eb paluajtshme p\u00ebr t\u00eb siguruar performanc\u00eb, efikasitet operacional dhe vler\u00ebsim afatgjat\u00eb t\u00eb vler\u00ebs.<\/p><p data-start=\"1796\" data-end=\"1953\"> <\/p>\t\t\t\t\t\t\t\t<\/div>\n\t\t\t\t<\/div>\n\t\t\t\t<\/div>\n\t\t\t\t<\/div>\n\t\t<div class=\"elementor-element elementor-element-09ea098 e-con-full e-flex e-con e-child\" data-id=\"09ea098\" data-element_type=\"container\" data-e-type=\"container\">\n\t\t<div class=\"elementor-element elementor-element-ca83645 e-con-full e-flex e-con e-child\" data-id=\"ca83645\" data-element_type=\"container\" data-e-type=\"container\">\n\t\t\t\t<div class=\"elementor-element elementor-element-dbb7b04 elementor-widget elementor-widget-heading\" data-id=\"dbb7b04\" data-element_type=\"widget\" data-e-type=\"widget\" data-widget_type=\"heading.default\">\n\t\t\t\t<div class=\"elementor-widget-container\">\n\t\t\t\t\t<h2 class=\"elementor-heading-title elementor-size-default\">K\u00ebshillim Ligjor &amp; Mb\u00ebshtetje P\u00ebrputhshm\u00ebrie\n<\/h2>\t\t\t\t<\/div>\n\t\t\t\t<\/div>\n\t\t\t\t<div class=\"elementor-element elementor-element-96e72b0 elementor-widget elementor-widget-text-editor\" data-id=\"96e72b0\" data-element_type=\"widget\" data-e-type=\"widget\" data-widget_type=\"text-editor.default\">\n\t\t\t\t<div class=\"elementor-widget-container\">\n\t\t\t\t\t\t\t\t\t<p>Udh\u00ebzim p\u00ebr kontrata, leje, transferim pron\u00ebsie, zonifikim dhe korniza rregullatore p\u00ebr t\u00eb mbrojtur investimin tuaj.<\/p>\t\t\t\t\t\t\t\t<\/div>\n\t\t\t\t<\/div>\n\t\t\t\t<\/div>\n\t\t<div class=\"elementor-element elementor-element-b6c04df e-con-full e-flex e-con e-child\" data-id=\"b6c04df\" data-element_type=\"container\" data-e-type=\"container\">\n\t\t\t\t<div class=\"elementor-element elementor-element-892b895 elementor-widget elementor-widget-heading\" data-id=\"892b895\" data-element_type=\"widget\" data-e-type=\"widget\" data-widget_type=\"heading.default\">\n\t\t\t\t<div class=\"elementor-widget-container\">\n\t\t\t\t\t<h2 class=\"elementor-heading-title elementor-size-default\">Strukturim Financiar &amp; Modele Investimi\n<\/h2>\t\t\t\t<\/div>\n\t\t\t\t<\/div>\n\t\t\t\t<div class=\"elementor-element elementor-element-96ac795 elementor-widget elementor-widget-text-editor\" data-id=\"96ac795\" data-element_type=\"widget\" data-e-type=\"widget\" data-widget_type=\"text-editor.default\">\n\t\t\t\t<div class=\"elementor-widget-container\">\n\t\t\t\t\t\t\t\t\t<p>Projektim i modeleve financiare, strategji financimi dhe zgjidhje strukturimi kapitali p\u00ebr blerje t\u00eb reja, zhvillime ose ristrukturim.<\/p>\t\t\t\t\t\t\t\t<\/div>\n\t\t\t\t<\/div>\n\t\t\t\t<\/div>\n\t\t<div class=\"elementor-element elementor-element-7bc694c e-con-full e-flex e-con e-child\" data-id=\"7bc694c\" data-element_type=\"container\" data-e-type=\"container\">\n\t\t\t\t<div class=\"elementor-element elementor-element-8827ccc elementor-widget elementor-widget-heading\" data-id=\"8827ccc\" data-element_type=\"widget\" data-e-type=\"widget\" data-widget_type=\"heading.default\">\n\t\t\t\t<div class=\"elementor-widget-container\">\n\t\t\t\t\t<h2 class=\"elementor-heading-title elementor-size-default\">Diligenc\u00eb e Duhur &amp; Vler\u00ebsim Rreziku<\/h2>\t\t\t\t<\/div>\n\t\t\t\t<\/div>\n\t\t\t\t<div class=\"elementor-element elementor-element-ad9190b elementor-widget elementor-widget-text-editor\" data-id=\"ad9190b\" data-element_type=\"widget\" data-e-type=\"widget\" data-widget_type=\"text-editor.default\">\n\t\t\t\t<div class=\"elementor-widget-container\">\n\t\t\t\t\t\t\t\t\t<p>Verifikim i plot\u00eb i pron\u00ebs, rishikim dokumentacioni, vler\u00ebsim teknik, qart\u00ebsi ligjore dhe identifikim rreziku p\u00ebr t\u00eb mb\u00ebshtetur vendimmarrje t\u00eb informuar.<\/p>\t\t\t\t\t\t\t\t<\/div>\n\t\t\t\t<\/div>\n\t\t\t\t<\/div>\n\t\t\t\t<\/div>\n\t\t\t\t\t<\/div>\n\t\t\t\t<\/div>\n\t\t<div class=\"elementor-element elementor-element-d50e739 e-flex e-con-boxed e-con e-parent\" data-id=\"d50e739\" data-element_type=\"container\" data-e-type=\"container\">\n\t\t\t\t\t<div class=\"e-con-inner\">\n\t\t\t\t<div class=\"elementor-element elementor-element-41e9a03 elementor-invisible elementor-widget elementor-widget-jkit_animated_text\" data-id=\"41e9a03\" data-element_type=\"widget\" data-e-type=\"widget\" data-settings=\"{&quot;_animation&quot;:&quot;fadeInUp&quot;}\" data-widget_type=\"jkit_animated_text.default\">\n\t\t\t\t<div class=\"elementor-widget-container\">\n\t\t\t\t\t<div  class=\"jeg-elementor-kit jkit-animated-text jeg_module__2_69f1dd9786633\"  data-style=\"none\"><p class=\"animated-text\"><span class=\"normal-text style-gradient\">Areas of Expertise<\/span><span class=\"dynamic-wrapper style-gradient\"><span class=\"dynamic-text\"><\/span><\/span><span class=\"normal-text style-gradient\"> <\/span><\/p><\/div>\t\t\t\t<\/div>\n\t\t\t\t<\/div>\n\t\t<div class=\"elementor-element elementor-element-921c2cb e-con-full e-flex e-con e-child\" data-id=\"921c2cb\" data-element_type=\"container\" data-e-type=\"container\">\n\t\t<div class=\"elementor-element elementor-element-135d201 e-con-full e-flex e-con e-child\" data-id=\"135d201\" data-element_type=\"container\" data-e-type=\"container\">\n\t\t\t\t<div class=\"elementor-element elementor-element-4b9d819 elementor-widget elementor-widget-heading\" data-id=\"4b9d819\" data-element_type=\"widget\" data-e-type=\"widget\" data-widget_type=\"heading.default\">\n\t\t\t\t<div class=\"elementor-widget-container\">\n\t\t\t\t\t<h2 class=\"elementor-heading-title elementor-size-default\">K\u00ebshillim p\u00ebr Pasuri t\u00eb Paluajtshme<\/h2>\t\t\t\t<\/div>\n\t\t\t\t<\/div>\n\t\t\t\t<div class=\"elementor-element elementor-element-195ece8 elementor-widget elementor-widget-text-editor\" data-id=\"195ece8\" data-element_type=\"widget\" data-e-type=\"widget\" data-widget_type=\"text-editor.default\">\n\t\t\t\t<div class=\"elementor-widget-container\">\n\t\t\t\t\t\t\t\t\t<p data-start=\"1257\" data-end=\"1446\"><br>Strategji investimi, mb\u00ebshtetje blerjeje, sisteme menaxhimi pronash dhe mbrojtje e vler\u00ebs afatgjat\u00eb.<\/p>\t\t\t\t\t\t\t\t<\/div>\n\t\t\t\t<\/div>\n\t\t\t\t<\/div>\n\t\t<div class=\"elementor-element elementor-element-db85ed1 e-con-full e-flex e-con e-child\" data-id=\"db85ed1\" data-element_type=\"container\" data-e-type=\"container\">\n\t\t\t\t<div class=\"elementor-element elementor-element-26eb05c elementor-widget elementor-widget-heading\" data-id=\"26eb05c\" data-element_type=\"widget\" data-e-type=\"widget\" data-widget_type=\"heading.default\">\n\t\t\t\t<div class=\"elementor-widget-container\">\n\t\t\t\t\t<h2 class=\"elementor-heading-title elementor-size-default\">Projektim Teknik &amp; Mbik\u00ebqyrje<\/h2>\t\t\t\t<\/div>\n\t\t\t\t<\/div>\n\t\t\t\t<div class=\"elementor-element elementor-element-20d523b elementor-widget elementor-widget-text-editor\" data-id=\"20d523b\" data-element_type=\"widget\" data-e-type=\"widget\" data-widget_type=\"text-editor.default\">\n\t\t\t\t<div class=\"elementor-widget-container\">\n\t\t\t\t\t\t\t\t\t<p data-start=\"2490\" data-end=\"2650\">Bashk\u00ebpunim me arkitekt\u00eb dhe inxhinier\u00eb t\u00eb \u00e7ertifikuar p\u00ebr planifikim, mbik\u00ebqyrje strukturore dhe monitorim t\u00eb ekzekutimit t\u00eb projektit.<\/p><p data-start=\"2652\" data-end=\"2797\"> <\/p>\t\t\t\t\t\t\t\t<\/div>\n\t\t\t\t<\/div>\n\t\t\t\t<\/div>\n\t\t<div class=\"elementor-element elementor-element-676faac e-con-full e-flex e-con e-child\" data-id=\"676faac\" data-element_type=\"container\" data-e-type=\"container\">\n\t\t\t\t<div class=\"elementor-element elementor-element-2299cac elementor-widget elementor-widget-heading\" data-id=\"2299cac\" data-element_type=\"widget\" data-e-type=\"widget\" data-widget_type=\"heading.default\">\n\t\t\t\t<div class=\"elementor-widget-container\">\n\t\t\t\t\t<h2 class=\"elementor-heading-title elementor-size-default\">Ligjore (Kontrata &amp; P\u00ebrputhshm\u00ebri)<\/h2>\t\t\t\t<\/div>\n\t\t\t\t<\/div>\n\t\t\t\t<div class=\"elementor-element elementor-element-107eeaa elementor-widget elementor-widget-text-editor\" data-id=\"107eeaa\" data-element_type=\"widget\" data-e-type=\"widget\" data-widget_type=\"text-editor.default\">\n\t\t\t\t<div class=\"elementor-widget-container\">\n\t\t\t\t\t\t\t\t\t<p data-start=\"1620\" data-end=\"1794\">Dokumentim i qart\u00eb, kontrata t\u00eb p\u00ebrputhshme, navigim rregullator, minimizim rreziku dhe integritet pron\u00ebsie.<\/p>\t\t\t\t\t\t\t\t<\/div>\n\t\t\t\t<\/div>\n\t\t\t\t<\/div>\n\t\t\t\t<\/div>\n\t\t<div class=\"elementor-element elementor-element-da1fa9d e-con-full e-flex e-con e-child\" data-id=\"da1fa9d\" data-element_type=\"container\" data-e-type=\"container\">\n\t\t<div class=\"elementor-element elementor-element-bc3bf4e e-con-full e-flex e-con e-child\" data-id=\"bc3bf4e\" data-element_type=\"container\" data-e-type=\"container\">\n\t\t\t\t<div class=\"elementor-element elementor-element-0cccd2d elementor-widget elementor-widget-heading\" data-id=\"0cccd2d\" data-element_type=\"widget\" data-e-type=\"widget\" data-widget_type=\"heading.default\">\n\t\t\t\t<div class=\"elementor-widget-container\">\n\t\t\t\t\t<h2 class=\"elementor-heading-title elementor-size-default\">Financiare (Analiz\u00eb &amp; Strukturim)\n<\/h2>\t\t\t\t<\/div>\n\t\t\t\t<\/div>\n\t\t\t\t<div class=\"elementor-element elementor-element-a2b19a2 elementor-widget elementor-widget-text-editor\" data-id=\"a2b19a2\" data-element_type=\"widget\" data-e-type=\"widget\" data-widget_type=\"text-editor.default\">\n\t\t\t\t<div class=\"elementor-widget-container\">\n\t\t\t\t\t\t\t\t\t<p>Modelim kostosh, parashikim t\u00eb ardhurave, menaxhim fluksi monetar dhe financim i strukturuar i p\u00ebrshtatur p\u00ebr shkall\u00ebn e projektit.<\/p>\t\t\t\t\t\t\t\t<\/div>\n\t\t\t\t<\/div>\n\t\t\t\t<\/div>\n\t\t\t\t<\/div>\n\t\t\t\t\t<\/div>\n\t\t\t\t<\/div>\n\t\t\t\t<\/div>\n\t\t","protected":false},"excerpt":{"rendered":"<p>Zgjidhje Luksioze t\u00eb Pasurive t\u00eb Paluajtshme t\u00eb Nd\u00ebrtuara mbi Ekspertiz\u00eb dhe Besim N\u00eb Agjencin\u00eb Xoxa, ne mb\u00ebshtesim investime me vler\u00eb t\u00eb lart\u00eb n\u00eb pasuri t\u00eb paluajtshme n\u00eb Shqip\u00ebri dhe n\u00eb t\u00eb gjith\u00eb rajonin me udh\u00ebzim strategjik, diligenc\u00eb t\u00eb duhur dhe mbik\u00ebqyrje t\u00eb plot\u00eb t\u00eb projektit. Pavar\u00ebsisht n\u00ebse po blini, zhvilloni ose menaxhoni asete pronash, ekipi [&hellip;]<\/p>\n","protected":false},"author":1,"featured_media":0,"parent":0,"menu_order":0,"comment_status":"closed","ping_status":"closed","template":"","meta":{"footnotes":""},"class_list":["post-1587","page","type-page","status-publish","hentry"],"_links":{"self":[{"href":"https:\/\/www.xoxa.agency\/sq\/wp-json\/wp\/v2\/pages\/1587","targetHints":{"allow":["GET"]}}],"collection":[{"href":"https:\/\/www.xoxa.agency\/sq\/wp-json\/wp\/v2\/pages"}],"about":[{"href":"https:\/\/www.xoxa.agency\/sq\/wp-json\/wp\/v2\/types\/page"}],"author":[{"embeddable":true,"href":"https:\/\/www.xoxa.agency\/sq\/wp-json\/wp\/v2\/users\/1"}],"replies":[{"embeddable":true,"href":"https:\/\/www.xoxa.agency\/sq\/wp-json\/wp\/v2\/comments?post=1587"}],"version-history":[{"count":4,"href":"https:\/\/www.xoxa.agency\/sq\/wp-json\/wp\/v2\/pages\/1587\/revisions"}],"predecessor-version":[{"id":1780,"href":"https:\/\/www.xoxa.agency\/sq\/wp-json\/wp\/v2\/pages\/1587\/revisions\/1780"}],"wp:attachment":[{"href":"https:\/\/www.xoxa.agency\/sq\/wp-json\/wp\/v2\/media?parent=1587"}],"curies":[{"name":"wp","href":"https:\/\/api.w.org\/{rel}","templated":true}]}}